{"id":8177,"date":"2023-10-17T04:54:21","date_gmt":"2023-10-17T04:54:21","guid":{"rendered":"https:\/\/www.drizoro.com\/?post_type=product&#038;p=8177"},"modified":"2023-11-14T05:59:44","modified_gmt":"2023-11-14T05:59:44","slug":"maxelastic-thermocoat","status":"publish","type":"product","link":"https:\/\/www.drizoro.com\/it\/producto\/maxelastic-thermocoat\/","title":{"rendered":"Maxelastic THERMOCOAT"},"content":{"rendered":"<p><em><strong>MAXELASTIC<sup>\u00ae <\/sup>THERMOCOAT<\/strong><\/em> \u00e8 un rivestimento impermeabilizzante, elastico, che incorpora speciali microsfere con conducibilit\u00e0 termica molto bassa, specialmente formulato per tutti i tipi di superficie e che presenta grande stabilit\u00e0 nei confronti dei raggi ultravioletti. Si presenta sotto forma di pasta tissotropica pronta per l\u2019uso. Una volta polimerizzato si trasforma in un elastomero non degradabile con impermeabilit\u00e0 assoluta e bassa conducibilit\u00e0 termica.<\/p>\n","protected":false},"excerpt":{"rendered":"<p><em><strong>MAXELASTIC<sup>\u00ae <\/sup>THERMOCOAT<\/strong><\/em> \u00e8 un rivestimento impermeabilizzante, elastico, che incorpora speciali microsfere con conducibilit\u00e0 termica molto bassa, specialmente formulato per tutti i tipi di superficie e che presenta grande stabilit\u00e0 nei confronti dei raggi ultravioletti. Si presenta sotto forma di pasta tissotropica pronta per l\u2019uso. Una volta polimerizzato si trasforma in un elastomero non degradabile con impermeabilit\u00e0 assoluta e bassa conducibilit\u00e0 termica.<\/p>\n","protected":false},"featured_media":0,"comment_status":"open","ping_status":"closed","template":"","meta":{"site-sidebar-layout":"default","site-content-layout":"default","ast-site-content-layout":"default","site-content-style":"default","site-sidebar-style":"default","ast-global-header-display":"","ast-banner-title-visibility":"","ast-main-header-display":"","ast-hfb-above-header-display":"","ast-hfb-below-header-display":"","ast-hfb-mobile-header-display":"","site-post-title":"","ast-breadcrumbs-content":"","ast-featured-img":"","footer-sml-layout":"","ast-disable-related-posts":"","theme-transparent-header-meta":"default","adv-header-id-meta":"","stick-header-meta":"","header-above-stick-meta":"","header-main-stick-meta":"","header-below-stick-meta":"","astra-migrate-meta-layouts":"default","ast-page-background-enabled":"default","ast-page-background-meta":{"desktop":{"background-color":"var(--ast-global-color-4)","background-image":"","background-repeat":"repeat","background-position":"center center","background-size":"auto","background-attachment":"scroll","background-type":"","background-media":"","overlay-type":"","overlay-color":"","overlay-opacity":"","overlay-gradient":""},"tablet":{"background-color":"","background-image":"","background-repeat":"repeat","background-position":"center center","background-size":"auto","background-attachment":"scroll","background-type":"","background-media":"","overlay-type":"","overlay-color":"","overlay-opacity":"","overlay-gradient":""},"mobile":{"background-color":"","background-image":"","background-repeat":"repeat","background-position":"center center","background-size":"auto","background-attachment":"scroll","background-type":"","background-media":"","overlay-type":"","overlay-color":"","overlay-opacity":"","overlay-gradient":""}},"ast-content-background-meta":{"desktop":{"background-color":"var(--ast-global-color-5)","background-image":"","background-repeat":"repeat","background-position":"center center","background-size":"auto","background-attachment":"scroll","background-type":"","background-media":"","overlay-type":"","overlay-color":"","overlay-opacity":"","overlay-gradient":""},"tablet":{"background-color":"var(--ast-global-color-5)","background-image":"","background-repeat":"repeat","background-position":"center center","background-size":"auto","background-attachment":"scroll","background-type":"","background-media":"","overlay-type":"","overlay-color":"","overlay-opacity":"","overlay-gradient":""},"mobile":{"background-color":"var(--ast-global-color-5)","background-image":"","background-repeat":"repeat","background-position":"center center","background-size":"auto","background-attachment":"scroll","background-type":"","background-media":"","overlay-type":"","overlay-color":"","overlay-opacity":"","overlay-gradient":""}}},"product_brand":[],"product_cat":[176],"product_tag":[],"class_list":{"0":"post-8177","1":"product","2":"type-product","3":"status-publish","5":"product_cat-non-categorizzato","6":"desktop-align-left","7":"tablet-align-left","8":"mobile-align-left","10":"first","11":"instock","12":"downloadable","13":"virtual","14":"purchasable","15":"product-type-simple"},"yoast_head":"<!-- This site is optimized with the Yoast SEO Premium plugin v22.9 (Yoast SEO v27.5) - https:\/\/yoast.com\/product\/yoast-seo-premium-wordpress\/ -->\n<title>Maxelastic THERMOCOAT | Drizoro<\/title>\n<meta name=\"description\" content=\"Toda la informaci\u00f3n sobre Maxelastic THERMOCOAT\" \/>\n<meta name=\"robots\" content=\"index, follow, max-snippet:-1, max-image-preview:large, max-video-preview:-1\" \/>\n<link rel=\"canonical\" href=\"https:\/\/www.drizoro.com\/it\/producto\/maxelastic-thermocoat\/\" \/>\n<meta property=\"og:locale\" content=\"it_IT\" \/>\n<meta property=\"og:type\" content=\"article\" \/>\n<meta property=\"og:title\" content=\"Maxelastic THERMOCOAT\" \/>\n<meta property=\"og:description\" content=\"Toda la informaci\u00f3n sobre Maxelastic THERMOCOAT\" \/>\n<meta property=\"og:url\" content=\"https:\/\/www.drizoro.com\/it\/producto\/maxelastic-thermocoat\/\" \/>\n<meta property=\"og:site_name\" content=\"Drizoro\" \/>\n<meta property=\"article:modified_time\" content=\"2023-11-14T05:59:44+00:00\" \/>\n<meta property=\"og:image\" content=\"https:\/\/www.drizoro.com\/wp-content\/uploads\/2024\/07\/Logo-Drizoro.jpg\" \/>\n\t<meta property=\"og:image:width\" content=\"800\" \/>\n\t<meta property=\"og:image:height\" content=\"800\" \/>\n\t<meta property=\"og:image:type\" content=\"image\/jpeg\" \/>\n<meta name=\"twitter:card\" content=\"summary_large_image\" \/>\n<meta name=\"twitter:label1\" content=\"Prezzo\" \/>\n\t<meta name=\"twitter:data1\" content=\"&euro;0.00\" \/>\n\t<meta name=\"twitter:label2\" content=\"Disponibilit\u00e0\" \/>\n\t<meta name=\"twitter:data2\" content=\"In stock\" \/>\n<script type=\"application\/ld+json\" class=\"yoast-schema-graph\">{\"@context\":\"https:\\\/\\\/schema.org\",\"@graph\":[{\"@type\":\"WebPage\",\"@id\":\"https:\\\/\\\/www.drizoro.com\\\/it\\\/producto\\\/maxelastic-thermocoat\\\/\",\"url\":\"https:\\\/\\\/www.drizoro.com\\\/it\\\/producto\\\/maxelastic-thermocoat\\\/\",\"name\":\"Maxelastic THERMOCOAT | Drizoro\",\"isPartOf\":{\"@id\":\"https:\\\/\\\/www.drizoro.com\\\/it\\\/#website\"},\"datePublished\":\"2023-10-17T04:54:21+00:00\",\"dateModified\":\"2023-11-14T05:59:44+00:00\",\"description\":\"Toda la informaci\u00f3n sobre Maxelastic THERMOCOAT\",\"breadcrumb\":{\"@id\":\"https:\\\/\\\/www.drizoro.com\\\/it\\\/producto\\\/maxelastic-thermocoat\\\/#breadcrumb\"},\"inLanguage\":\"it-IT\",\"potentialAction\":[{\"@type\":\"ReadAction\",\"target\":[\"https:\\\/\\\/www.drizoro.com\\\/it\\\/producto\\\/maxelastic-thermocoat\\\/\"]}]},{\"@type\":\"BreadcrumbList\",\"@id\":\"https:\\\/\\\/www.drizoro.com\\\/it\\\/producto\\\/maxelastic-thermocoat\\\/#breadcrumb\",\"itemListElement\":[{\"@type\":\"ListItem\",\"position\":1,\"name\":\"Portada\",\"item\":\"https:\\\/\\\/www.drizoro.com\\\/it\\\/\"},{\"@type\":\"ListItem\",\"position\":2,\"name\":\"Negozio\",\"item\":\"https:\\\/\\\/www.drizoro.com\\\/it\\\/negozio\\\/\"},{\"@type\":\"ListItem\",\"position\":3,\"name\":\"Maxelastic THERMOCOAT\"}]},{\"@type\":\"WebSite\",\"@id\":\"https:\\\/\\\/www.drizoro.com\\\/it\\\/#website\",\"url\":\"https:\\\/\\\/www.drizoro.com\\\/it\\\/\",\"name\":\"Drizoro\",\"description\":\"Impermeabilizaci\u00f3n, reparaci\u00f3n, protecci\u00f3n y decoraci\u00f3n del hormig\u00f3n y la mamposter\u00eda\",\"publisher\":{\"@id\":\"https:\\\/\\\/www.drizoro.com\\\/it\\\/#organization\"},\"alternateName\":\"Impermeabilizaci\u00f3n, reparaci\u00f3n, protecci\u00f3n y decoraci\u00f3n del hormig\u00f3n y la mamposter\u00eda\",\"potentialAction\":[{\"@type\":\"SearchAction\",\"target\":{\"@type\":\"EntryPoint\",\"urlTemplate\":\"https:\\\/\\\/www.drizoro.com\\\/it\\\/?s={search_term_string}\"},\"query-input\":{\"@type\":\"PropertyValueSpecification\",\"valueRequired\":true,\"valueName\":\"search_term_string\"}}],\"inLanguage\":\"it-IT\"},{\"@type\":\"Organization\",\"@id\":\"https:\\\/\\\/www.drizoro.com\\\/it\\\/#organization\",\"name\":\"Drizoro\",\"url\":\"https:\\\/\\\/www.drizoro.com\\\/it\\\/\",\"logo\":{\"@type\":\"ImageObject\",\"inLanguage\":\"it-IT\",\"@id\":\"https:\\\/\\\/www.drizoro.com\\\/it\\\/#\\\/schema\\\/logo\\\/image\\\/\",\"url\":\"https:\\\/\\\/www.drizoro.com\\\/wp-content\\\/uploads\\\/2024\\\/07\\\/Logo-Drizoro.jpg\",\"contentUrl\":\"https:\\\/\\\/www.drizoro.com\\\/wp-content\\\/uploads\\\/2024\\\/07\\\/Logo-Drizoro.jpg\",\"width\":800,\"height\":800,\"caption\":\"Drizoro\"},\"image\":{\"@id\":\"https:\\\/\\\/www.drizoro.com\\\/it\\\/#\\\/schema\\\/logo\\\/image\\\/\"}}]}<\/script>\n<meta property=\"product:price:amount\" content=\"0.00\" \/>\n<meta property=\"product:price:currency\" content=\"EUR\" \/>\n<meta property=\"og:availability\" content=\"instock\" \/>\n<meta property=\"product:availability\" content=\"instock\" \/>\n<meta property=\"product:condition\" content=\"new\" \/>\n<!-- \/ Yoast SEO Premium plugin. -->","yoast_head_json":{"title":"Maxelastic THERMOCOAT | Drizoro","description":"Toda la informaci\u00f3n sobre Maxelastic THERMOCOAT","robots":{"index":"index","follow":"follow","max-snippet":"max-snippet:-1","max-image-preview":"max-image-preview:large","max-video-preview":"max-video-preview:-1"},"canonical":"https:\/\/www.drizoro.com\/it\/producto\/maxelastic-thermocoat\/","og_locale":"it_IT","og_type":"article","og_title":"Maxelastic THERMOCOAT","og_description":"Toda la informaci\u00f3n sobre Maxelastic THERMOCOAT","og_url":"https:\/\/www.drizoro.com\/it\/producto\/maxelastic-thermocoat\/","og_site_name":"Drizoro","article_modified_time":"2023-11-14T05:59:44+00:00","og_image":[{"width":800,"height":800,"url":"https:\/\/www.drizoro.com\/wp-content\/uploads\/2024\/07\/Logo-Drizoro.jpg","type":"image\/jpeg"}],"twitter_card":"summary_large_image","twitter_misc":{"Prezzo":"&euro;0.00","Disponibilit\u00e0":"In stock"},"schema":{"@context":"https:\/\/schema.org","@graph":[{"@type":"WebPage","@id":"https:\/\/www.drizoro.com\/it\/producto\/maxelastic-thermocoat\/","url":"https:\/\/www.drizoro.com\/it\/producto\/maxelastic-thermocoat\/","name":"Maxelastic THERMOCOAT | Drizoro","isPartOf":{"@id":"https:\/\/www.drizoro.com\/it\/#website"},"datePublished":"2023-10-17T04:54:21+00:00","dateModified":"2023-11-14T05:59:44+00:00","description":"Toda la informaci\u00f3n sobre Maxelastic THERMOCOAT","breadcrumb":{"@id":"https:\/\/www.drizoro.com\/it\/producto\/maxelastic-thermocoat\/#breadcrumb"},"inLanguage":"it-IT","potentialAction":[{"@type":"ReadAction","target":["https:\/\/www.drizoro.com\/it\/producto\/maxelastic-thermocoat\/"]}]},{"@type":"BreadcrumbList","@id":"https:\/\/www.drizoro.com\/it\/producto\/maxelastic-thermocoat\/#breadcrumb","itemListElement":[{"@type":"ListItem","position":1,"name":"Portada","item":"https:\/\/www.drizoro.com\/it\/"},{"@type":"ListItem","position":2,"name":"Negozio","item":"https:\/\/www.drizoro.com\/it\/negozio\/"},{"@type":"ListItem","position":3,"name":"Maxelastic THERMOCOAT"}]},{"@type":"WebSite","@id":"https:\/\/www.drizoro.com\/it\/#website","url":"https:\/\/www.drizoro.com\/it\/","name":"Drizoro","description":"Impermeabilizaci\u00f3n, reparaci\u00f3n, protecci\u00f3n y decoraci\u00f3n del hormig\u00f3n y la mamposter\u00eda","publisher":{"@id":"https:\/\/www.drizoro.com\/it\/#organization"},"alternateName":"Impermeabilizaci\u00f3n, reparaci\u00f3n, protecci\u00f3n y decoraci\u00f3n del hormig\u00f3n y la mamposter\u00eda","potentialAction":[{"@type":"SearchAction","target":{"@type":"EntryPoint","urlTemplate":"https:\/\/www.drizoro.com\/it\/?s={search_term_string}"},"query-input":{"@type":"PropertyValueSpecification","valueRequired":true,"valueName":"search_term_string"}}],"inLanguage":"it-IT"},{"@type":"Organization","@id":"https:\/\/www.drizoro.com\/it\/#organization","name":"Drizoro","url":"https:\/\/www.drizoro.com\/it\/","logo":{"@type":"ImageObject","inLanguage":"it-IT","@id":"https:\/\/www.drizoro.com\/it\/#\/schema\/logo\/image\/","url":"https:\/\/www.drizoro.com\/wp-content\/uploads\/2024\/07\/Logo-Drizoro.jpg","contentUrl":"https:\/\/www.drizoro.com\/wp-content\/uploads\/2024\/07\/Logo-Drizoro.jpg","width":800,"height":800,"caption":"Drizoro"},"image":{"@id":"https:\/\/www.drizoro.com\/it\/#\/schema\/logo\/image\/"}}]},"product_price_amount":"0.00","product_price_currency":"EUR","og_availability":"instock","product_availability":"instock","product_condition":"new"},"_links":{"self":[{"href":"https:\/\/www.drizoro.com\/it\/wp-json\/wp\/v2\/product\/8177","targetHints":{"allow":["GET"]}}],"collection":[{"href":"https:\/\/www.drizoro.com\/it\/wp-json\/wp\/v2\/product"}],"about":[{"href":"https:\/\/www.drizoro.com\/it\/wp-json\/wp\/v2\/types\/product"}],"replies":[{"embeddable":true,"href":"https:\/\/www.drizoro.com\/it\/wp-json\/wp\/v2\/comments?post=8177"}],"wp:attachment":[{"href":"https:\/\/www.drizoro.com\/it\/wp-json\/wp\/v2\/media?parent=8177"}],"wp:term":[{"taxonomy":"product_brand","embeddable":true,"href":"https:\/\/www.drizoro.com\/it\/wp-json\/wp\/v2\/product_brand?post=8177"},{"taxonomy":"product_cat","embeddable":true,"href":"https:\/\/www.drizoro.com\/it\/wp-json\/wp\/v2\/product_cat?post=8177"},{"taxonomy":"product_tag","embeddable":true,"href":"https:\/\/www.drizoro.com\/it\/wp-json\/wp\/v2\/product_tag?post=8177"}],"curies":[{"name":"wp","href":"https:\/\/api.w.org\/{rel}","templated":true}]}}