{"id":7811,"date":"2023-10-13T06:53:01","date_gmt":"2023-10-13T06:53:01","guid":{"rendered":"https:\/\/www.drizoro.com\/?post_type=product&#038;p=7811"},"modified":"2023-11-12T17:33:50","modified_gmt":"2023-11-12T17:33:50","slug":"maxseal-sulfat-2","status":"publish","type":"product","link":"https:\/\/www.drizoro.com\/it\/producto\/maxseal-sulfat-2\/","title":{"rendered":"Maxseal Sulfat"},"content":{"rendered":"<p><strong><em>MAXCLEAR <\/em><\/strong><sup>\u00ae<\/sup><strong><em> SULFAT<\/em><\/strong> \u00e9 un prodotto liquido mono componente a base di acqua. Una volta che sia stato applicato, penetra per capillarit\u00e0 e diffusione all\u2019 interno del supporto, formando una barriera repellente nei confronti dei sali, impedendo in buona misura la loro apparizione in superficie. E\u2019 confezionato pronto per essere utilizzato su sub strati minerali assorbenti, calcestruzzo, malte cementizie e mattoni.<\/p>\n","protected":false},"excerpt":{"rendered":"<p><strong><em>MAXCLEAR <\/em><\/strong><sup>\u00ae<\/sup><strong><em> SULFAT<\/em><\/strong> \u00e9 un prodotto liquido mono componente a base di acqua. Una volta che sia stato applicato, penetra per capillarit\u00e0 e diffusione all\u2019 interno del supporto, formando una barriera repellente nei confronti dei sali, impedendo in buona misura la loro apparizione in superficie. E\u2019 confezionato pronto per essere utilizzato su sub strati minerali assorbenti, calcestruzzo, malte cementizie e mattoni.<\/p>\n","protected":false},"featured_media":10480,"comment_status":"open","ping_status":"closed","template":"","meta":{"site-sidebar-layout":"default","site-content-layout":"default","ast-site-content-layout":"default","site-content-style":"default","site-sidebar-style":"default","ast-global-header-display":"","ast-banner-title-visibility":"","ast-main-header-display":"","ast-hfb-above-header-display":"","ast-hfb-below-header-display":"","ast-hfb-mobile-header-display":"","site-post-title":"","ast-breadcrumbs-content":"","ast-featured-img":"","footer-sml-layout":"","ast-disable-related-posts":"","theme-transparent-header-meta":"default","adv-header-id-meta":"","stick-header-meta":"","header-above-stick-meta":"","header-main-stick-meta":"","header-below-stick-meta":"","astra-migrate-meta-layouts":"default","ast-page-background-enabled":"default","ast-page-background-meta":{"desktop":{"background-color":"var(--ast-global-color-4)","background-image":"","background-repeat":"repeat","background-position":"center center","background-size":"auto","background-attachment":"scroll","background-type":"","background-media":"","overlay-type":"","overlay-color":"","overlay-opacity":"","overlay-gradient":""},"tablet":{"background-color":"","background-image":"","background-repeat":"repeat","background-position":"center center","background-size":"auto","background-attachment":"scroll","background-type":"","background-media":"","overlay-type":"","overlay-color":"","overlay-opacity":"","overlay-gradient":""},"mobile":{"background-color":"","background-image":"","background-repeat":"repeat","background-position":"center center","background-size":"auto","background-attachment":"scroll","background-type":"","background-media":"","overlay-type":"","overlay-color":"","overlay-opacity":"","overlay-gradient":""}},"ast-content-background-meta":{"desktop":{"background-color":"var(--ast-global-color-5)","background-image":"","background-repeat":"repeat","background-position":"center center","background-size":"auto","background-attachment":"scroll","background-type":"","background-media":"","overlay-type":"","overlay-color":"","overlay-opacity":"","overlay-gradient":""},"tablet":{"background-color":"var(--ast-global-color-5)","background-image":"","background-repeat":"repeat","background-position":"center center","background-size":"auto","background-attachment":"scroll","background-type":"","background-media":"","overlay-type":"","overlay-color":"","overlay-opacity":"","overlay-gradient":""},"mobile":{"background-color":"var(--ast-global-color-5)","background-image":"","background-repeat":"repeat","background-position":"center center","background-size":"auto","background-attachment":"scroll","background-type":"","background-media":"","overlay-type":"","overlay-color":"","overlay-opacity":"","overlay-gradient":""}}},"product_brand":[],"product_cat":[178,179,189],"product_tag":[],"class_list":{"0":"post-7811","1":"product","2":"type-product","3":"status-publish","4":"has-post-thumbnail","6":"product_cat-protezione-e-decorazione-delle-murature-e-del-calcestruzzo","7":"product_cat-protezione-e-decorazione-di-facciate","8":"product_cat-trattamento-anti-sali-e-anti-efflorescenze","9":"desktop-align-left","10":"tablet-align-left","11":"mobile-align-left","13":"first","14":"instock","15":"downloadable","16":"virtual","17":"purchasable","18":"product-type-simple"},"yoast_head":"<!-- This site is optimized with the Yoast SEO Premium plugin v22.9 (Yoast SEO v27.3) - https:\/\/yoast.com\/product\/yoast-seo-premium-wordpress\/ -->\n<title>Maxseal Sulfat | Drizoro<\/title>\n<meta name=\"description\" content=\"Toda la informaci\u00f3n sobre Maxseal Sulfat\" \/>\n<meta name=\"robots\" content=\"index, follow, max-snippet:-1, max-image-preview:large, max-video-preview:-1\" \/>\n<link rel=\"canonical\" href=\"https:\/\/www.drizoro.com\/it\/producto\/maxseal-sulfat-2\/\" \/>\n<meta property=\"og:locale\" content=\"it_IT\" \/>\n<meta property=\"og:type\" content=\"article\" \/>\n<meta property=\"og:title\" content=\"Maxseal Sulfat\" \/>\n<meta property=\"og:description\" content=\"Toda la informaci\u00f3n sobre Maxseal Sulfat\" \/>\n<meta property=\"og:url\" content=\"https:\/\/www.drizoro.com\/it\/producto\/maxseal-sulfat-2\/\" \/>\n<meta property=\"og:site_name\" content=\"Drizoro\" \/>\n<meta property=\"article:modified_time\" content=\"2023-11-12T17:33:50+00:00\" \/>\n<meta property=\"og:image\" content=\"https:\/\/www.drizoro.com\/wp-content\/uploads\/2023\/10\/maxclear-sulfat-1.png\" \/>\n\t<meta property=\"og:image:width\" content=\"142\" \/>\n\t<meta property=\"og:image:height\" content=\"189\" \/>\n\t<meta property=\"og:image:type\" content=\"image\/png\" \/>\n<meta name=\"twitter:card\" content=\"summary_large_image\" \/>\n<meta name=\"twitter:label1\" content=\"Prezzo\" \/>\n\t<meta name=\"twitter:data1\" content=\"&euro;0.00\" \/>\n\t<meta name=\"twitter:label2\" content=\"Disponibilit\u00e0\" \/>\n\t<meta name=\"twitter:data2\" content=\"In stock\" \/>\n<script type=\"application\/ld+json\" class=\"yoast-schema-graph\">{\"@context\":\"https:\\\/\\\/schema.org\",\"@graph\":[{\"@type\":\"WebPage\",\"@id\":\"https:\\\/\\\/www.drizoro.com\\\/it\\\/producto\\\/maxseal-sulfat-2\\\/\",\"url\":\"https:\\\/\\\/www.drizoro.com\\\/it\\\/producto\\\/maxseal-sulfat-2\\\/\",\"name\":\"Maxseal Sulfat | Drizoro\",\"isPartOf\":{\"@id\":\"https:\\\/\\\/www.drizoro.com\\\/it\\\/#website\"},\"primaryImageOfPage\":{\"@id\":\"https:\\\/\\\/www.drizoro.com\\\/it\\\/producto\\\/maxseal-sulfat-2\\\/#primaryimage\"},\"image\":{\"@id\":\"https:\\\/\\\/www.drizoro.com\\\/it\\\/producto\\\/maxseal-sulfat-2\\\/#primaryimage\"},\"thumbnailUrl\":\"https:\\\/\\\/www.drizoro.com\\\/wp-content\\\/uploads\\\/2023\\\/10\\\/maxclear-sulfat-1.png\",\"datePublished\":\"2023-10-13T06:53:01+00:00\",\"dateModified\":\"2023-11-12T17:33:50+00:00\",\"description\":\"Toda la informaci\u00f3n sobre Maxseal Sulfat\",\"breadcrumb\":{\"@id\":\"https:\\\/\\\/www.drizoro.com\\\/it\\\/producto\\\/maxseal-sulfat-2\\\/#breadcrumb\"},\"inLanguage\":\"it-IT\",\"potentialAction\":[{\"@type\":\"ReadAction\",\"target\":[\"https:\\\/\\\/www.drizoro.com\\\/it\\\/producto\\\/maxseal-sulfat-2\\\/\"]}]},{\"@type\":\"ImageObject\",\"inLanguage\":\"it-IT\",\"@id\":\"https:\\\/\\\/www.drizoro.com\\\/it\\\/producto\\\/maxseal-sulfat-2\\\/#primaryimage\",\"url\":\"https:\\\/\\\/www.drizoro.com\\\/wp-content\\\/uploads\\\/2023\\\/10\\\/maxclear-sulfat-1.png\",\"contentUrl\":\"https:\\\/\\\/www.drizoro.com\\\/wp-content\\\/uploads\\\/2023\\\/10\\\/maxclear-sulfat-1.png\",\"width\":142,\"height\":189},{\"@type\":\"BreadcrumbList\",\"@id\":\"https:\\\/\\\/www.drizoro.com\\\/it\\\/producto\\\/maxseal-sulfat-2\\\/#breadcrumb\",\"itemListElement\":[{\"@type\":\"ListItem\",\"position\":1,\"name\":\"Portada\",\"item\":\"https:\\\/\\\/www.drizoro.com\\\/it\\\/\"},{\"@type\":\"ListItem\",\"position\":2,\"name\":\"Negozio\",\"item\":\"https:\\\/\\\/www.drizoro.com\\\/it\\\/negozio\\\/\"},{\"@type\":\"ListItem\",\"position\":3,\"name\":\"Maxseal Sulfat\"}]},{\"@type\":\"WebSite\",\"@id\":\"https:\\\/\\\/www.drizoro.com\\\/it\\\/#website\",\"url\":\"https:\\\/\\\/www.drizoro.com\\\/it\\\/\",\"name\":\"Drizoro\",\"description\":\"Impermeabilizaci\u00f3n, reparaci\u00f3n, protecci\u00f3n y decoraci\u00f3n del hormig\u00f3n y la mamposter\u00eda\",\"publisher\":{\"@id\":\"https:\\\/\\\/www.drizoro.com\\\/it\\\/#organization\"},\"alternateName\":\"Impermeabilizaci\u00f3n, reparaci\u00f3n, protecci\u00f3n y decoraci\u00f3n del hormig\u00f3n y la mamposter\u00eda\",\"potentialAction\":[{\"@type\":\"SearchAction\",\"target\":{\"@type\":\"EntryPoint\",\"urlTemplate\":\"https:\\\/\\\/www.drizoro.com\\\/it\\\/?s={search_term_string}\"},\"query-input\":{\"@type\":\"PropertyValueSpecification\",\"valueRequired\":true,\"valueName\":\"search_term_string\"}}],\"inLanguage\":\"it-IT\"},{\"@type\":\"Organization\",\"@id\":\"https:\\\/\\\/www.drizoro.com\\\/it\\\/#organization\",\"name\":\"Drizoro\",\"url\":\"https:\\\/\\\/www.drizoro.com\\\/it\\\/\",\"logo\":{\"@type\":\"ImageObject\",\"inLanguage\":\"it-IT\",\"@id\":\"https:\\\/\\\/www.drizoro.com\\\/it\\\/#\\\/schema\\\/logo\\\/image\\\/\",\"url\":\"https:\\\/\\\/www.drizoro.com\\\/wp-content\\\/uploads\\\/2024\\\/07\\\/Logo-Drizoro.jpg\",\"contentUrl\":\"https:\\\/\\\/www.drizoro.com\\\/wp-content\\\/uploads\\\/2024\\\/07\\\/Logo-Drizoro.jpg\",\"width\":800,\"height\":800,\"caption\":\"Drizoro\"},\"image\":{\"@id\":\"https:\\\/\\\/www.drizoro.com\\\/it\\\/#\\\/schema\\\/logo\\\/image\\\/\"}}]}<\/script>\n<meta property=\"product:price:amount\" content=\"0.00\" \/>\n<meta property=\"product:price:currency\" content=\"EUR\" \/>\n<meta property=\"og:availability\" content=\"instock\" \/>\n<meta property=\"product:availability\" content=\"instock\" \/>\n<meta property=\"product:condition\" content=\"new\" \/>\n<!-- \/ Yoast SEO Premium plugin. -->","yoast_head_json":{"title":"Maxseal Sulfat | Drizoro","description":"Toda la informaci\u00f3n sobre Maxseal Sulfat","robots":{"index":"index","follow":"follow","max-snippet":"max-snippet:-1","max-image-preview":"max-image-preview:large","max-video-preview":"max-video-preview:-1"},"canonical":"https:\/\/www.drizoro.com\/it\/producto\/maxseal-sulfat-2\/","og_locale":"it_IT","og_type":"article","og_title":"Maxseal Sulfat","og_description":"Toda la informaci\u00f3n sobre Maxseal Sulfat","og_url":"https:\/\/www.drizoro.com\/it\/producto\/maxseal-sulfat-2\/","og_site_name":"Drizoro","article_modified_time":"2023-11-12T17:33:50+00:00","og_image":[{"width":142,"height":189,"url":"https:\/\/www.drizoro.com\/wp-content\/uploads\/2023\/10\/maxclear-sulfat-1.png","type":"image\/png"}],"twitter_card":"summary_large_image","twitter_misc":{"Prezzo":"&euro;0.00","Disponibilit\u00e0":"In stock"},"schema":{"@context":"https:\/\/schema.org","@graph":[{"@type":"WebPage","@id":"https:\/\/www.drizoro.com\/it\/producto\/maxseal-sulfat-2\/","url":"https:\/\/www.drizoro.com\/it\/producto\/maxseal-sulfat-2\/","name":"Maxseal Sulfat | Drizoro","isPartOf":{"@id":"https:\/\/www.drizoro.com\/it\/#website"},"primaryImageOfPage":{"@id":"https:\/\/www.drizoro.com\/it\/producto\/maxseal-sulfat-2\/#primaryimage"},"image":{"@id":"https:\/\/www.drizoro.com\/it\/producto\/maxseal-sulfat-2\/#primaryimage"},"thumbnailUrl":"https:\/\/www.drizoro.com\/wp-content\/uploads\/2023\/10\/maxclear-sulfat-1.png","datePublished":"2023-10-13T06:53:01+00:00","dateModified":"2023-11-12T17:33:50+00:00","description":"Toda la informaci\u00f3n sobre Maxseal Sulfat","breadcrumb":{"@id":"https:\/\/www.drizoro.com\/it\/producto\/maxseal-sulfat-2\/#breadcrumb"},"inLanguage":"it-IT","potentialAction":[{"@type":"ReadAction","target":["https:\/\/www.drizoro.com\/it\/producto\/maxseal-sulfat-2\/"]}]},{"@type":"ImageObject","inLanguage":"it-IT","@id":"https:\/\/www.drizoro.com\/it\/producto\/maxseal-sulfat-2\/#primaryimage","url":"https:\/\/www.drizoro.com\/wp-content\/uploads\/2023\/10\/maxclear-sulfat-1.png","contentUrl":"https:\/\/www.drizoro.com\/wp-content\/uploads\/2023\/10\/maxclear-sulfat-1.png","width":142,"height":189},{"@type":"BreadcrumbList","@id":"https:\/\/www.drizoro.com\/it\/producto\/maxseal-sulfat-2\/#breadcrumb","itemListElement":[{"@type":"ListItem","position":1,"name":"Portada","item":"https:\/\/www.drizoro.com\/it\/"},{"@type":"ListItem","position":2,"name":"Negozio","item":"https:\/\/www.drizoro.com\/it\/negozio\/"},{"@type":"ListItem","position":3,"name":"Maxseal Sulfat"}]},{"@type":"WebSite","@id":"https:\/\/www.drizoro.com\/it\/#website","url":"https:\/\/www.drizoro.com\/it\/","name":"Drizoro","description":"Impermeabilizaci\u00f3n, reparaci\u00f3n, protecci\u00f3n y decoraci\u00f3n del hormig\u00f3n y la mamposter\u00eda","publisher":{"@id":"https:\/\/www.drizoro.com\/it\/#organization"},"alternateName":"Impermeabilizaci\u00f3n, reparaci\u00f3n, protecci\u00f3n y decoraci\u00f3n del hormig\u00f3n y la mamposter\u00eda","potentialAction":[{"@type":"SearchAction","target":{"@type":"EntryPoint","urlTemplate":"https:\/\/www.drizoro.com\/it\/?s={search_term_string}"},"query-input":{"@type":"PropertyValueSpecification","valueRequired":true,"valueName":"search_term_string"}}],"inLanguage":"it-IT"},{"@type":"Organization","@id":"https:\/\/www.drizoro.com\/it\/#organization","name":"Drizoro","url":"https:\/\/www.drizoro.com\/it\/","logo":{"@type":"ImageObject","inLanguage":"it-IT","@id":"https:\/\/www.drizoro.com\/it\/#\/schema\/logo\/image\/","url":"https:\/\/www.drizoro.com\/wp-content\/uploads\/2024\/07\/Logo-Drizoro.jpg","contentUrl":"https:\/\/www.drizoro.com\/wp-content\/uploads\/2024\/07\/Logo-Drizoro.jpg","width":800,"height":800,"caption":"Drizoro"},"image":{"@id":"https:\/\/www.drizoro.com\/it\/#\/schema\/logo\/image\/"}}]},"product_price_amount":"0.00","product_price_currency":"EUR","og_availability":"instock","product_availability":"instock","product_condition":"new"},"_links":{"self":[{"href":"https:\/\/www.drizoro.com\/it\/wp-json\/wp\/v2\/product\/7811","targetHints":{"allow":["GET"]}}],"collection":[{"href":"https:\/\/www.drizoro.com\/it\/wp-json\/wp\/v2\/product"}],"about":[{"href":"https:\/\/www.drizoro.com\/it\/wp-json\/wp\/v2\/types\/product"}],"replies":[{"embeddable":true,"href":"https:\/\/www.drizoro.com\/it\/wp-json\/wp\/v2\/comments?post=7811"}],"wp:featuredmedia":[{"embeddable":true,"href":"https:\/\/www.drizoro.com\/it\/wp-json\/wp\/v2\/media\/10480"}],"wp:attachment":[{"href":"https:\/\/www.drizoro.com\/it\/wp-json\/wp\/v2\/media?parent=7811"}],"wp:term":[{"taxonomy":"product_brand","embeddable":true,"href":"https:\/\/www.drizoro.com\/it\/wp-json\/wp\/v2\/product_brand?post=7811"},{"taxonomy":"product_cat","embeddable":true,"href":"https:\/\/www.drizoro.com\/it\/wp-json\/wp\/v2\/product_cat?post=7811"},{"taxonomy":"product_tag","embeddable":true,"href":"https:\/\/www.drizoro.com\/it\/wp-json\/wp\/v2\/product_tag?post=7811"}],"curies":[{"name":"wp","href":"https:\/\/api.w.org\/{rel}","templated":true}]}}