{"id":6199,"date":"2023-06-30T11:53:35","date_gmt":"2023-06-30T09:53:35","guid":{"rendered":"https:\/\/www.drizoro.com\/aviso-legal\/"},"modified":"2024-12-19T16:04:26","modified_gmt":"2024-12-19T15:04:26","slug":"aviso-legal","status":"publish","type":"page","link":"https:\/\/www.drizoro.com\/it\/aviso-legal\/","title":{"rendered":"Aviso legal"},"content":{"rendered":"\t\t<div data-elementor-type=\"wp-page\" data-elementor-id=\"6199\" class=\"elementor elementor-6199 elementor-2446\" data-elementor-post-type=\"page\">\n\t\t\t\t<div class=\"elementor-element elementor-element-2a4a79c e-flex e-con-boxed e-con e-parent\" data-id=\"2a4a79c\" data-element_type=\"container\" data-e-type=\"container\">\n\t\t\t\t\t<div class=\"e-con-inner\">\n\t\t\t\t<div class=\"elementor-element elementor-element-1ad83e3 elementor-widget elementor-widget-text-editor\" data-id=\"1ad83e3\" data-element_type=\"widget\" data-e-type=\"widget\" data-widget_type=\"text-editor.default\">\n\t\t\t\t<div class=\"elementor-widget-container\">\n\t\t\t\t\t\t\t\t\t<h1 style=\"text-align: center;\"><strong>Aviso Legal<\/strong><\/h1><p>\u00a0<\/p><p>En cumplimiento de la Ley 34\/2002, de 11 de julio, de servicios de la sociedad de la informaci\u00f3n y de comercio electr\u00f3nico (LSSI), le informamos de que:<\/p><p><strong>DRIZORO S.A.U. <\/strong>Su CIF es A28498038 y tiene su domicilio en C\/ Primavera,50. Consta inscrita en el Registro Mercantil de Madrid al tomo 27705; folio 123, hoja 106011.<\/p><p><strong>Datos de contacto: <\/strong><\/p><p><strong>Tel\u00e9fono: <\/strong>916766676<\/p><p><strong>E-mail: <\/strong>info@drizoro.com<\/p><p>\u00a0<\/p><h2><strong>Condiciones generales de uso del sitio web de DRIZORO S.A.U. <\/strong><\/h2><p>El nombre de dominio <a href=\"https:\/\/www.drizoro.com\/\" target=\"_blank\" rel=\"noopener\">www.drizoro.com<\/a> es titularidad de DRIZORO S.A.U. y su uso exclusivo est\u00e1 reservado a \u00e9ste.<\/p><p>El portal oficial de <a href=\"https:\/\/www.drizoro.com\/\" target=\"_blank\" rel=\"noopener\">www.drizoro.com<\/a>, tiene por objeto facilitar al p\u00fablico en general, el conocimiento de las actividades que realizamos, as\u00ed como de los productos y servicios que prestamos en materia de Fabricaci\u00f3n de otros productos qu\u00edmicos.<\/p><p>El uso de este sitio Web implica la expresa y plena aceptaci\u00f3n de las condiciones aqu\u00ed expuestas, sin perjuicio de aquellas particulares que pudieran aplicarse a algunos de los productos o servicios concretos ofrecidos a trav\u00e9s del sitio Web.<\/p><p>DRIZORO S.A.U. se reserva la facultad de efectuar, en cualquier momento y sin necesidad de previo aviso, modificaciones y actualizaciones de la informaci\u00f3n contenida en su Web o en la configuraci\u00f3n y presentaci\u00f3n de \u00e9sta.<\/p><p>Con objeto de mantener actualizada la informaci\u00f3n publicada en el portal, los contenidos del mismo podr\u00e1n ser modificados, corregidos, eliminados o a\u00f1adidos en cualquier momento, por lo que ser\u00e1 conveniente comprobar la vigencia o exactitud de los mismos acudiendo a las fuentes oficiales.<\/p><p>\u00a0<\/p><h2><strong>Propiedad intelectual, industrial y frames <\/strong><\/h2><p>Todos los elementos que forman el sitio Web, as\u00ed como su estructura, dise\u00f1o, c\u00f3digo fuente, as\u00ed como los logos, marcas y dem\u00e1s signos distintivos que aparecen en la misma, son titularidad de DRIZORO S.A.U. o de sus colaboradores, y est\u00e1n protegidos por los correspondientes derechos de propiedad intelectual e industrial.<\/p><p>Igualmente est\u00e1n protegidos por los correspondientes derechos de propiedad intelectual e industrial las im\u00e1genes y otros elementos gr\u00e1ficos contenidos en los portales.<\/p><p>Prohibimos expresamente la realizaci\u00f3n de \u201cframings\u201d o la utilizaci\u00f3n por parte de terceros de cualesquiera otros mecanismos que alteren el dise\u00f1o, configuraci\u00f3n original o contenidos de nuestros portales.<\/p><p>El uso de los contenidos deber\u00e1 respetar su licenciamiento particular. De tal modo su uso, reproducci\u00f3n, distribuci\u00f3n, comunicaci\u00f3n p\u00fablica, transformaci\u00f3n o cualquier otra actividad similar o an\u00e1loga, queda totalmente prohibida salvo que medie previa y expresa autorizaci\u00f3n de DRIZORO S.A.U.<\/p><p>Respecto a las citas de noticias, productos y servicios de terceros, que puedan aparecer en la Web, DRIZORO S.A.U. reconoce a favor de sus titulares los correspondientes derechos de propiedad industrial e intelectual, no implicando su sola menci\u00f3n o aparici\u00f3n en la Web la existencia de derechos ni de responsabilidad alguna sobre los mismos, como tampoco respaldo, patrocinio o recomendaci\u00f3n.<\/p><p>Asimismo, declaramos su respeto a los derechos de propiedad intelectual e industrial de terceros; por ello, si considera que nuestros portales pudieran estar violando sus derechos, rogamos se ponga en contacto con nosotros.<\/p><p>\u00a0<\/p><h2><strong>Responsabilidad <\/strong><\/h2><p>No garantizamos la inexistencia de errores en el acceso a la Web, en su contenido, ni que \u00e9ste se encuentre actualizado, aunque DRIZORO S.A.U. desarrollar\u00e1 sus mejores esfuerzos para, en su caso, evitarlos, subsanarlos o actualizarlos.<\/p><p>Tanto el acceso a los portales de como el uso que pueda hacerse de la informaci\u00f3n contenida en los mismos es de la exclusiva responsabilidad de quien lo realiza.<\/p><p>No nos hacemos responsables de los posibles errores de seguridad que se puedan producir ni de los posibles da\u00f1os que puedan causarse al sistema inform\u00e1tico del Usuario (<em>hardware <\/em>y <em>software<\/em>), los ficheros o documentos almacenados en el mismo, como consecuencia de la presencia de virus en el ordenador del Usuario utilizado para la conexi\u00f3n a los servicios y contenidos de la Web, de un mal funcionamiento del navegador o del uso de DRIZORO S.A.U. versiones no actualizadas del mismo.<\/p><p>Asimismo, no nos responsabilizamos de la informaci\u00f3n y contenidos almacenados, a t\u00edtulo enunciativo, pero no limitativo, en foros, chats, blogs, comentarios, redes sociales o cualesquiera otros medios que permitan a terceros publicar contenidos de forma independiente en nuestra p\u00e1gina web.<\/p><p>No obstante, y en cumplimiento de lo dispuesto en la LSSI, ponemos a disposici\u00f3n de todos los usuarios, autoridades y fuerzas de seguridad, y colaborando de forma activa, en la retirada o en su caso, bloqueo de todos aquellos contenidos que pudieran afectar o contravenir la legislaci\u00f3n nacional, o internacional, derechos de terceros, o la moral y el orden p\u00fablico. En caso de que el usuario considere que existe en el sitio web alg\u00fan contenido que pudiera ser susceptible de esta clasificaci\u00f3n, rogamos se ponga en contacto con nosotros.<\/p><p>\u00a0<\/p><h2><strong>Links o hiperenlaces <\/strong><\/h2><p>La Web puede contener enlaces a contenidos que dirijan a contenidos de terceros. El objetivo de dichos enlaces ser\u00e1 \u00fanicamente facilitarle la b\u00fasqueda de los recursos que le puedan interesar a trav\u00e9s de Internet. No obstante, dichas p\u00e1ginas no pertenecen a DRIZORO S.A.U., ni tampoco hacemos una revisi\u00f3n de sus contenidos y, no siendo por ello, responsables del contenido, informaciones o servicios que pudieran aparecer en dichos sitios, que tendr\u00e1n exclusivamente car\u00e1cter informativo y que en ning\u00fan caso implican relaci\u00f3n alguna entre nosotros y a las personas o entidades titulares de tales contenidos, o titulares de los sitios donde se encuentre.<\/p><p>Desde DRIZORO S.A.U. tampoco podemos hacernos responsables del funcionamiento de la p\u00e1gina enlazada o de los posibles da\u00f1os que puedan derivarse del acceso o uso de esta.<\/p><p>Los enlaces a la web de DRIZORO S.A.U. deber\u00e1n respetar las siguientes condiciones:<\/p><ol><li>El establecimiento del enlace no supondr\u00e1 per se ning\u00fan tipo de acuerdo, contrato, patrocinio ni recomendaci\u00f3n por parte de DRIZORO S.A.U., de la p\u00e1gina que realiza el enlace.<\/li><li>La p\u00e1gina web en la que se establezca el hiperenlace no contendr\u00e1 informaciones con contenidos que sean il\u00edcitos, discriminatorios, contrarios a los principios \u00e9ticos com\u00fanmente aceptados o atenten contra el orden p\u00fablico, as\u00ed como tampoco contendr\u00e1 contenidos contrarios a cualesquiera derechos de terceros.<\/li><li>DRIZORO S.A.U. podr\u00e1 solicitar la retirada de un enlace a su web, sin necesidad de alegar causa alguna. En tal caso, la p\u00e1gina que haya realizado el enlace deber\u00e1 proceder a su inmediata supresi\u00f3n, tan pronto como reciba la notificaci\u00f3n.<\/li><li>No nos responsabilizamos ni garantizamos, en modo alguno, la calidad, exactitud, fiabilidad, correcci\u00f3n o moralidad de contenidos o servicios que el establecimiento del hiperenlace pueda ofrecer. El usuario asume bajo su exclusiva responsabilidad las consecuencias, da\u00f1os o acciones que pudieran derivarse del acceso a la p\u00e1gina web del hiperenlace.<\/li><\/ol><p>\u00a0<\/p><h2><strong>Protecci\u00f3n de Datos Personales <\/strong><\/h2><p>Desde DRIZORO S.A.U. nos encontramos profundamente comprometidos con el cumplimiento de la normativa de protecci\u00f3n de datos de car\u00e1cter personal, y garantizamos el cumplimiento \u00edntegro de las obligaciones dispuestas, as\u00ed como la implementaci\u00f3n de las medidas de seguridad apropiadas, con la finalidad de garantizar un nivel de seguridad adecuado al riesgo.<\/p><p>Por ello, ponemos a disposici\u00f3n de las personas usuarias nuestra Pol\u00edtica de Privacidad, ofreci\u00e9ndoles en dicho texto la informaci\u00f3n ampliada de los tratamientos de datos que realizamos.<\/p><p>\u00a0<\/p><h2><strong>Ley aplicable y jurisdicci\u00f3n <\/strong><\/h2><p>La ley aplicable en caso de disputa o conflicto de interpretaci\u00f3n de los t\u00e9rminos que conforman este Aviso Legal, as\u00ed como cualquier cuesti\u00f3n relacionada con los servicios del presente Portal, ser\u00e1 la ley espa\u00f1ola.<\/p><p>Para la resoluci\u00f3n de cualquier conflicto que pueda surgir con ocasi\u00f3n de la visita al Portal o del uso de los servicios que en \u00e9l se puedan ofertar, DRIZORO S.A.U. y el Usuario acuerdan someterse a los Jueces y Tribunales del domicilio de DRIZORO S.A.U.<\/p>\t\t\t\t\t\t\t\t<\/div>\n\t\t\t\t<\/div>\n\t\t\t\t<div class=\"elementor-element elementor-element-16bfad2 elementor-widget elementor-widget-image\" data-id=\"16bfad2\" data-element_type=\"widget\" data-e-type=\"widget\" data-widget_type=\"image.default\">\n\t\t\t\t<div class=\"elementor-widget-container\">\n\t\t\t\t\t\t\t\t\t\t\t\t\t\t\t\t<a href=\"https:\/\/adeplusconsultores.com\/\" target=\"_blank\" rel=\"nofollow\">\n\t\t\t\t\t\t\t<img fetchpriority=\"high\" decoding=\"async\" width=\"400\" height=\"155\" src=\"https:\/\/www.drizoro.com\/wp-content\/uploads\/2024\/12\/logo-adeplus-consultores-1.png\" class=\"attachment-large size-large wp-image-15026\" alt=\"logo-adeplus-consultores\" srcset=\"https:\/\/www.drizoro.com\/wp-content\/uploads\/2024\/12\/logo-adeplus-consultores-1.png 400w, https:\/\/www.drizoro.com\/wp-content\/uploads\/2024\/12\/logo-adeplus-consultores-1-300x116.png 300w\" sizes=\"(max-width: 400px) 100vw, 400px\" \/>\t\t\t\t\t\t\t\t<\/a>\n\t\t\t\t\t\t\t\t\t\t\t\t\t\t\t<\/div>\n\t\t\t\t<\/div>\n\t\t\t\t\t<\/div>\n\t\t\t\t<\/div>\n\t\t\t\t<\/div>\n\t\t","protected":false},"excerpt":{"rendered":"<p>Aviso Legal \u00a0 En cumplimiento de la Ley 34\/2002, de 11 de julio, de servicios de la sociedad de la informaci\u00f3n y de comercio electr\u00f3nico (LSSI), le informamos de que: DRIZORO S.A.U. Su CIF es A28498038 y tiene su domicilio en C\/ Primavera,50. Consta inscrita en el Registro Mercantil de Madrid al tomo 27705; folio [&hellip;]<\/p>\n","protected":false},"author":5,"featured_media":0,"parent":0,"menu_order":0,"comment_status":"closed","ping_status":"closed","template":"","meta":{"site-sidebar-layout":"no-sidebar","site-content-layout":"page-builder","ast-site-content-layout":"full-width-container","site-content-style":"unboxed","site-sidebar-style":"unboxed","ast-global-header-display":"","ast-banner-title-visibility":"","ast-main-header-display":"","ast-hfb-above-header-display":"","ast-hfb-below-header-display":"","ast-hfb-mobile-header-display":"","site-post-title":"disabled","ast-breadcrumbs-content":"","ast-featured-img":"disabled","footer-sml-layout":"","ast-disable-related-posts":"","theme-transparent-header-meta":"default","adv-header-id-meta":"","stick-header-meta":"","header-above-stick-meta":"","header-main-stick-meta":"","header-below-stick-meta":"","astra-migrate-meta-layouts":"set","ast-page-background-enabled":"default","ast-page-background-meta":{"desktop":{"background-color":"var(--ast-global-color-4)","background-image":"","background-repeat":"repeat","background-position":"center center","background-size":"auto","background-attachment":"scroll","background-type":"","background-media":"","overlay-type":"","overlay-color":"","overlay-opacity":"","overlay-gradient":""},"tablet":{"background-color":"","background-image":"","background-repeat":"repeat","background-position":"center center","background-size":"auto","background-attachment":"scroll","background-type":"","background-media":"","overlay-type":"","overlay-color":"","overlay-opacity":"","overlay-gradient":""},"mobile":{"background-color":"","background-image":"","background-repeat":"repeat","background-position":"center center","background-size":"auto","background-attachment":"scroll","background-type":"","background-media":"","overlay-type":"","overlay-color":"","overlay-opacity":"","overlay-gradient":""}},"ast-content-background-meta":{"desktop":{"background-color":"var(--ast-global-color-5)","background-image":"","background-repeat":"repeat","background-position":"center center","background-size":"auto","background-attachment":"scroll","background-type":"","background-media":"","overlay-type":"","overlay-color":"","overlay-opacity":"","overlay-gradient":""},"tablet":{"background-color":"var(--ast-global-color-5)","background-image":"","background-repeat":"repeat","background-position":"center center","background-size":"auto","background-attachment":"scroll","background-type":"","background-media":"","overlay-type":"","overlay-color":"","overlay-opacity":"","overlay-gradient":""},"mobile":{"background-color":"var(--ast-global-color-5)","background-image":"","background-repeat":"repeat","background-position":"center center","background-size":"auto","background-attachment":"scroll","background-type":"","background-media":"","overlay-type":"","overlay-color":"","overlay-opacity":"","overlay-gradient":""}},"footnotes":""},"class_list":["post-6199","page","type-page","status-publish","hentry"],"yoast_head":"<!-- This site is optimized with the Yoast SEO Premium plugin v22.9 (Yoast SEO v27.3) - https:\/\/yoast.com\/product\/yoast-seo-premium-wordpress\/ -->\n<title>Aviso Legal de Drizoro S.A.U.<\/title>\n<meta name=\"description\" content=\"Conoce las condiciones de uso, pol\u00edticas legales y derechos de propiedad intelectual de Drizoro S.A.U., conforme a la Ley.\" \/>\n<meta name=\"robots\" content=\"index, follow, max-snippet:-1, max-image-preview:large, max-video-preview:-1\" \/>\n<link rel=\"canonical\" href=\"https:\/\/www.drizoro.com\/it\/aviso-legal\/\" \/>\n<meta property=\"og:locale\" content=\"it_IT\" \/>\n<meta property=\"og:type\" content=\"article\" \/>\n<meta property=\"og:title\" content=\"Aviso legal\" \/>\n<meta property=\"og:description\" content=\"Conoce las condiciones de uso, pol\u00edticas legales y derechos de propiedad intelectual de Drizoro S.A.U., conforme a la Ley.\" \/>\n<meta property=\"og:url\" content=\"https:\/\/www.drizoro.com\/it\/aviso-legal\/\" \/>\n<meta property=\"og:site_name\" content=\"Drizoro\" \/>\n<meta property=\"article:modified_time\" content=\"2024-12-19T15:04:26+00:00\" \/>\n<meta property=\"og:image\" content=\"https:\/\/www.drizoro.com\/wp-content\/uploads\/2024\/12\/logo-adeplus-consultores-1.png\" \/>\n<meta name=\"twitter:card\" content=\"summary_large_image\" \/>\n<meta name=\"twitter:label1\" content=\"Tempo di lettura stimato\" \/>\n\t<meta name=\"twitter:data1\" content=\"12 minuti\" \/>\n<script type=\"application\/ld+json\" class=\"yoast-schema-graph\">{\"@context\":\"https:\\\/\\\/schema.org\",\"@graph\":[{\"@type\":\"WebPage\",\"@id\":\"https:\\\/\\\/www.drizoro.com\\\/it\\\/aviso-legal\\\/\",\"url\":\"https:\\\/\\\/www.drizoro.com\\\/it\\\/aviso-legal\\\/\",\"name\":\"Aviso Legal de Drizoro S.A.U.\",\"isPartOf\":{\"@id\":\"https:\\\/\\\/www.drizoro.com\\\/it\\\/#website\"},\"primaryImageOfPage\":{\"@id\":\"https:\\\/\\\/www.drizoro.com\\\/it\\\/aviso-legal\\\/#primaryimage\"},\"image\":{\"@id\":\"https:\\\/\\\/www.drizoro.com\\\/it\\\/aviso-legal\\\/#primaryimage\"},\"thumbnailUrl\":\"https:\\\/\\\/www.drizoro.com\\\/wp-content\\\/uploads\\\/2024\\\/12\\\/logo-adeplus-consultores-1.png\",\"datePublished\":\"2023-06-30T09:53:35+00:00\",\"dateModified\":\"2024-12-19T15:04:26+00:00\",\"description\":\"Conoce las condiciones de uso, pol\u00edticas legales y derechos de propiedad intelectual de Drizoro S.A.U., conforme a la Ley.\",\"breadcrumb\":{\"@id\":\"https:\\\/\\\/www.drizoro.com\\\/it\\\/aviso-legal\\\/#breadcrumb\"},\"inLanguage\":\"it-IT\",\"potentialAction\":[{\"@type\":\"ReadAction\",\"target\":[\"https:\\\/\\\/www.drizoro.com\\\/it\\\/aviso-legal\\\/\"]}]},{\"@type\":\"ImageObject\",\"inLanguage\":\"it-IT\",\"@id\":\"https:\\\/\\\/www.drizoro.com\\\/it\\\/aviso-legal\\\/#primaryimage\",\"url\":\"https:\\\/\\\/www.drizoro.com\\\/wp-content\\\/uploads\\\/2024\\\/12\\\/logo-adeplus-consultores-1.png\",\"contentUrl\":\"https:\\\/\\\/www.drizoro.com\\\/wp-content\\\/uploads\\\/2024\\\/12\\\/logo-adeplus-consultores-1.png\"},{\"@type\":\"BreadcrumbList\",\"@id\":\"https:\\\/\\\/www.drizoro.com\\\/it\\\/aviso-legal\\\/#breadcrumb\",\"itemListElement\":[{\"@type\":\"ListItem\",\"position\":1,\"name\":\"Portada\",\"item\":\"https:\\\/\\\/www.drizoro.com\\\/it\\\/\"},{\"@type\":\"ListItem\",\"position\":2,\"name\":\"Aviso legal\"}]},{\"@type\":\"WebSite\",\"@id\":\"https:\\\/\\\/www.drizoro.com\\\/it\\\/#website\",\"url\":\"https:\\\/\\\/www.drizoro.com\\\/it\\\/\",\"name\":\"Drizoro\",\"description\":\"Impermeabilizaci\u00f3n, reparaci\u00f3n, protecci\u00f3n y decoraci\u00f3n del hormig\u00f3n y la mamposter\u00eda\",\"publisher\":{\"@id\":\"https:\\\/\\\/www.drizoro.com\\\/it\\\/#organization\"},\"alternateName\":\"Impermeabilizaci\u00f3n, reparaci\u00f3n, protecci\u00f3n y decoraci\u00f3n del hormig\u00f3n y la mamposter\u00eda\",\"potentialAction\":[{\"@type\":\"SearchAction\",\"target\":{\"@type\":\"EntryPoint\",\"urlTemplate\":\"https:\\\/\\\/www.drizoro.com\\\/it\\\/?s={search_term_string}\"},\"query-input\":{\"@type\":\"PropertyValueSpecification\",\"valueRequired\":true,\"valueName\":\"search_term_string\"}}],\"inLanguage\":\"it-IT\"},{\"@type\":\"Organization\",\"@id\":\"https:\\\/\\\/www.drizoro.com\\\/it\\\/#organization\",\"name\":\"Drizoro\",\"url\":\"https:\\\/\\\/www.drizoro.com\\\/it\\\/\",\"logo\":{\"@type\":\"ImageObject\",\"inLanguage\":\"it-IT\",\"@id\":\"https:\\\/\\\/www.drizoro.com\\\/it\\\/#\\\/schema\\\/logo\\\/image\\\/\",\"url\":\"https:\\\/\\\/www.drizoro.com\\\/wp-content\\\/uploads\\\/2024\\\/07\\\/Logo-Drizoro.jpg\",\"contentUrl\":\"https:\\\/\\\/www.drizoro.com\\\/wp-content\\\/uploads\\\/2024\\\/07\\\/Logo-Drizoro.jpg\",\"width\":800,\"height\":800,\"caption\":\"Drizoro\"},\"image\":{\"@id\":\"https:\\\/\\\/www.drizoro.com\\\/it\\\/#\\\/schema\\\/logo\\\/image\\\/\"}}]}<\/script>\n<!-- \/ Yoast SEO Premium plugin. -->","yoast_head_json":{"title":"Aviso Legal de Drizoro S.A.U.","description":"Conoce las condiciones de uso, pol\u00edticas legales y derechos de propiedad intelectual de Drizoro S.A.U., conforme a la Ley.","robots":{"index":"index","follow":"follow","max-snippet":"max-snippet:-1","max-image-preview":"max-image-preview:large","max-video-preview":"max-video-preview:-1"},"canonical":"https:\/\/www.drizoro.com\/it\/aviso-legal\/","og_locale":"it_IT","og_type":"article","og_title":"Aviso legal","og_description":"Conoce las condiciones de uso, pol\u00edticas legales y derechos de propiedad intelectual de Drizoro S.A.U., conforme a la Ley.","og_url":"https:\/\/www.drizoro.com\/it\/aviso-legal\/","og_site_name":"Drizoro","article_modified_time":"2024-12-19T15:04:26+00:00","og_image":[{"url":"https:\/\/www.drizoro.com\/wp-content\/uploads\/2024\/12\/logo-adeplus-consultores-1.png","type":"","width":"","height":""}],"twitter_card":"summary_large_image","twitter_misc":{"Tempo di lettura stimato":"12 minuti"},"schema":{"@context":"https:\/\/schema.org","@graph":[{"@type":"WebPage","@id":"https:\/\/www.drizoro.com\/it\/aviso-legal\/","url":"https:\/\/www.drizoro.com\/it\/aviso-legal\/","name":"Aviso Legal de Drizoro S.A.U.","isPartOf":{"@id":"https:\/\/www.drizoro.com\/it\/#website"},"primaryImageOfPage":{"@id":"https:\/\/www.drizoro.com\/it\/aviso-legal\/#primaryimage"},"image":{"@id":"https:\/\/www.drizoro.com\/it\/aviso-legal\/#primaryimage"},"thumbnailUrl":"https:\/\/www.drizoro.com\/wp-content\/uploads\/2024\/12\/logo-adeplus-consultores-1.png","datePublished":"2023-06-30T09:53:35+00:00","dateModified":"2024-12-19T15:04:26+00:00","description":"Conoce las condiciones de uso, pol\u00edticas legales y derechos de propiedad intelectual de Drizoro S.A.U., conforme a la Ley.","breadcrumb":{"@id":"https:\/\/www.drizoro.com\/it\/aviso-legal\/#breadcrumb"},"inLanguage":"it-IT","potentialAction":[{"@type":"ReadAction","target":["https:\/\/www.drizoro.com\/it\/aviso-legal\/"]}]},{"@type":"ImageObject","inLanguage":"it-IT","@id":"https:\/\/www.drizoro.com\/it\/aviso-legal\/#primaryimage","url":"https:\/\/www.drizoro.com\/wp-content\/uploads\/2024\/12\/logo-adeplus-consultores-1.png","contentUrl":"https:\/\/www.drizoro.com\/wp-content\/uploads\/2024\/12\/logo-adeplus-consultores-1.png"},{"@type":"BreadcrumbList","@id":"https:\/\/www.drizoro.com\/it\/aviso-legal\/#breadcrumb","itemListElement":[{"@type":"ListItem","position":1,"name":"Portada","item":"https:\/\/www.drizoro.com\/it\/"},{"@type":"ListItem","position":2,"name":"Aviso legal"}]},{"@type":"WebSite","@id":"https:\/\/www.drizoro.com\/it\/#website","url":"https:\/\/www.drizoro.com\/it\/","name":"Drizoro","description":"Impermeabilizaci\u00f3n, reparaci\u00f3n, protecci\u00f3n y decoraci\u00f3n del hormig\u00f3n y la mamposter\u00eda","publisher":{"@id":"https:\/\/www.drizoro.com\/it\/#organization"},"alternateName":"Impermeabilizaci\u00f3n, reparaci\u00f3n, protecci\u00f3n y decoraci\u00f3n del hormig\u00f3n y la mamposter\u00eda","potentialAction":[{"@type":"SearchAction","target":{"@type":"EntryPoint","urlTemplate":"https:\/\/www.drizoro.com\/it\/?s={search_term_string}"},"query-input":{"@type":"PropertyValueSpecification","valueRequired":true,"valueName":"search_term_string"}}],"inLanguage":"it-IT"},{"@type":"Organization","@id":"https:\/\/www.drizoro.com\/it\/#organization","name":"Drizoro","url":"https:\/\/www.drizoro.com\/it\/","logo":{"@type":"ImageObject","inLanguage":"it-IT","@id":"https:\/\/www.drizoro.com\/it\/#\/schema\/logo\/image\/","url":"https:\/\/www.drizoro.com\/wp-content\/uploads\/2024\/07\/Logo-Drizoro.jpg","contentUrl":"https:\/\/www.drizoro.com\/wp-content\/uploads\/2024\/07\/Logo-Drizoro.jpg","width":800,"height":800,"caption":"Drizoro"},"image":{"@id":"https:\/\/www.drizoro.com\/it\/#\/schema\/logo\/image\/"}}]}},"_links":{"self":[{"href":"https:\/\/www.drizoro.com\/it\/wp-json\/wp\/v2\/pages\/6199","targetHints":{"allow":["GET"]}}],"collection":[{"href":"https:\/\/www.drizoro.com\/it\/wp-json\/wp\/v2\/pages"}],"about":[{"href":"https:\/\/www.drizoro.com\/it\/wp-json\/wp\/v2\/types\/page"}],"author":[{"embeddable":true,"href":"https:\/\/www.drizoro.com\/it\/wp-json\/wp\/v2\/users\/5"}],"replies":[{"embeddable":true,"href":"https:\/\/www.drizoro.com\/it\/wp-json\/wp\/v2\/comments?post=6199"}],"version-history":[{"count":31,"href":"https:\/\/www.drizoro.com\/it\/wp-json\/wp\/v2\/pages\/6199\/revisions"}],"predecessor-version":[{"id":15055,"href":"https:\/\/www.drizoro.com\/it\/wp-json\/wp\/v2\/pages\/6199\/revisions\/15055"}],"wp:attachment":[{"href":"https:\/\/www.drizoro.com\/it\/wp-json\/wp\/v2\/media?parent=6199"}],"curies":[{"name":"wp","href":"https:\/\/api.w.org\/{rel}","templated":true}]}}