{"id":6104,"date":"2023-06-30T11:59:53","date_gmt":"2023-06-30T11:59:53","guid":{"rendered":"https:\/\/www.drizoro.com\/?page_id=6104"},"modified":"2023-08-23T15:05:45","modified_gmt":"2023-08-23T15:05:45","slug":"politica-sui-cookie","status":"publish","type":"page","link":"https:\/\/www.drizoro.com\/it\/politica-sui-cookie\/","title":{"rendered":"Politica sui cookie"},"content":{"rendered":"\t\t<div data-elementor-type=\"wp-page\" data-elementor-id=\"6104\" class=\"elementor elementor-6104 elementor-2451\" data-elementor-post-type=\"page\">\n\t\t\t\t<div class=\"elementor-element elementor-element-bf90818 e-flex e-con-boxed e-con e-parent\" data-id=\"bf90818\" data-element_type=\"container\" data-e-type=\"container\">\n\t\t\t\t\t<div class=\"e-con-inner\">\n\t\t\t\t<div class=\"elementor-element elementor-element-c2f860d elementor-widget elementor-widget-text-editor\" data-id=\"c2f860d\" data-element_type=\"widget\" data-e-type=\"widget\" data-widget_type=\"text-editor.default\">\n\t\t\t\t<div class=\"elementor-widget-container\">\n\t\t\t\t\t\t\t\t\t<div data-id=\"638b4d8\" data-element_type=\"widget\" data-widget_type=\"heading.default\"><div data-id=\"638b4d8\" data-element_type=\"widget\" data-widget_type=\"heading.default\"><h1><strong>Politica sui cookie<\/strong><\/h1><p><strong>1.-CONTESTO<\/strong><\/p><p>In conformit\u00e0 con le normative spagnole che regolano l&#8217;uso dei cookie in relazione alla fornitura di servizi di comunicazione elettronica, contenute nel regio decreto legge 13\/2012 del 30 marzo, ti informiamo sui cookie utilizzati sul sito Web drizoro.com e sul motivo per il loro utilizzo. Allo stesso modo, ti informiamo che navigando nel sito Web stai dando il tuo consenso per poterli utilizzare.<\/p><p>2.- <strong>COSA SONO I COOKIE?<\/strong><\/p><p>Un cookie \u00e8 un file che viene scaricato sul tuo computer quando accedi a determinate pagine web. I cookie consentono a una pagina Web, tra le altre cose, di archiviare e recuperare informazioni sulle abitudini di navigazione di un utente o delle sue apparecchiature e, a seconda delle informazioni che contengono e del modo in cui utilizzi le tue apparecchiature, possono essere utilizzati per riconoscere l\u2019utente. I cookie sono associati solo a un utente anonimo e al suo computer o dispositivo e non forniscono riferimenti che consentano di conoscere i suoi dati personali.<\/p><p>3.- <strong>TIPI DI COOKIE<\/strong><\/p><p>1.- <strong>Cookie propri<\/strong>: sono quelli che vengono inviati all&#8217;apparecchiatura terminale dell&#8217;utente da un computer o dominio gestito dall&#8217;editore stesso e dal quale viene fornito il servizio richiesto dall&#8217;utente.<\/p><p>2.- <strong>Cookie di terze parti<\/strong>: sono quelli che vengono inviati all&#8217;apparecchiatura terminale dell&#8217;utente da un computer o dominio non gestito dall&#8217;editore, ma da un&#8217;altra entit\u00e0 che elabora i dati ottenuti tramite i cookie.<\/p><p>3.- Cookie di sessione: sono un tipo di cookie progettati per raccogliere e archiviare dati mentre l&#8217;utente accede a una pagina web.<\/p><p>4.- <strong>Cookie persistenti<\/strong>: sono un tipo di cookie in cui i dati sono ancora memorizzati nel terminale e possono essere consultati ed elaborati durante un periodo definito dalla persona responsabile del cookie, che pu\u00f2 variare da pochi minuti a diversi anni.<\/p><p>5.- <strong>Cookie di analisi<\/strong>: sono quelli che, trattati da noi o da terze parti, ci consentono di quantificare il numero di utenti e quindi effettuare la misurazione e l&#8217;analisi statistica dell&#8217;uso fatto dagli utenti del servizio offerto. Per fare ci\u00f2, la tua navigazione sul nostro sito Web viene analizzata al fine di migliorare l&#8217;offerta di prodotti o servizi che ti offriamo.<\/p><p>6.- <strong>Cookie pubblicitari<\/strong>: sono quelli che consentono la gestione, nel modo pi\u00f9 efficiente possibile, degli spazi pubblicitari che eventualmente l&#8217;editore ha inserito in una pagina Web, applicazione o piattaforma da cui viene fornito il servizio richiesto, in base a criteri come i contenuti modificati o la frequenza con cui vengono visualizzati gli annunci.<\/p><p>7.- <strong>Cookie pubblicitari comportamentali<\/strong>: sono quelli che consentono la gestione, nel modo pi\u00f9 efficiente possibile, degli spazi pubblicitari che eventualmente l&#8217;editore ha inserito in una pagina Web, applicazione o piattaforma da cui viene fornito il servizio richiesto. Questi cookie memorizzano informazioni sul comportamento degli utenti, ottenute attraverso l&#8217;osservazione continua delle loro abitudini di navigazione e consente lo sviluppo di un profilo specifico per visualizzare la pubblicit\u00e0 basata su tale analisi. \u00c8 anche possibile che quando visiti una pagina web o quando apri un&#8217;e-mail in cui \u00e8 pubblicata una pubblicit\u00e0 o una promozione sui nostri prodotti o servizi, nel tuo browser venga installato un cookie che ci aiuta a mostrarti la pubblicit\u00e0 relativa alla ricerca che hai effettuato, sviluppare un controllo dei nostri annunci in relazione, ad esempio, al numero di volte in cui vengono visti, dove compaiono, a che ora vengono visti, ecc.<\/p><p><strong>4.- TIPI DI COOKIE UTILIZZATI DA QUESTO SITO<\/strong><\/p><p>I cookie utilizzati sul nostro sito Web sono di sessione e di terze parti e ci consentono di memorizzare e accedere alle informazioni relative alla lingua, al tipo di browser utilizzato e ad altre caratteristiche generali predefinite dall&#8217;utente, nonch\u00e9 di seguire e analizzare l&#8217;attivit\u00e0 che svolge, al fine di introdurre miglioramenti e fornire i nostri servizi in modo pi\u00f9 efficiente e personalizzato. DRIZORO, S.A.U. non utilizza cookie pubblicitari o di pubblicit\u00e0 comportamentale.<\/p><p>L&#8217;uso dei cookie offre vantaggi nella fornitura di servizi all&#8217;interno della cosiddetta societ\u00e0 dell&#8217;informazione, in quanto rende pi\u00f9 facile per l&#8217;utente la navigazione e l&#8217;accesso ai diversi servizi offerti da questo sito web; evita che l&#8217;utente debba configurare le caratteristiche generali predefinite ogni volta che accede al sito; Favorisce il miglioramento del funzionamento e dei servizi forniti attraverso questo sito Web, dopo la corrispondente analisi delle informazioni ottenute attraverso i cookie installati.<\/p><p>Nome\u00a0\u00a0\u00a0\u00a0\u00a0\u00a0\u00a0\u00a0\u00a0\u00a0\u00a0\u00a0\u00a0 Tipo \u00a0\u00a0\u00a0\u00a0\u00a0\u00a0\u00a0\u00a0\u00a0\u00a0\u00a0\u00a0\u00a0\u00a0\u00a0\u00a0\u00a0\u00a0\u00a0\u00a0\u00a0\u00a0\u00a0\u00a0\u00a0\u00a0\u00a0\u00a0\u00a0\u00a0\u00a0\u00a0\u00a0\u00a0\u00a0\u00a0\u00a0\u00a0\u00a0\u00a0\u00a0\u00a0\u00a0\u00a0\u00a0\u00a0\u00a0\u00a0\u00a0\u00a0 Scadenza \u00a0\u00a0\u00a0\u00a0\u00a0\u00a0\u00a0\u00a0\u00a0\u00a0\u00a0\u00a0\u00a0\u00a0\u00a0\u00a0\u00a0\u00a0\u00a0 Scopo\u00a0\u00a0\u00a0\u00a0\u00a0\u00a0\u00a0\u00a0\u00a0\u00a0\u00a0\u00a0\u00a0 Classe<\/p><p>__utma \u00a0\u00a0\u00a0\u00a0\u00a0\u00a0\u00a0\u00a0\u00a0 Di Terze Parti (Google Analytics) \u00a0\u00a0\u00a0\u00a0\u00a0 2 anni. Serve per distinguere utenti e sessioni. \u00a0\u00a0\u00a0\u00a0\u00a0\u00a0\u00a0\u00a0\u00a0\u00a0\u00a0\u00a0\u00a0\u00a0\u00a0\u00a0\u00a0\u00a0 \u00a0\u00a0\u00a0\u00a0\u00a0\u00a0\u00a0\u00a0\u00a0\u00a0\u00a0\u00a0\u00a0\u00a0\u00a0\u00a0\u00a0\u00a0\u00a0\u00a0\u00a0\u00a0\u00a0\u00a0\u00a0\u00a0\u00a0\u00a0\u00a0\u00a0\u00a0\u00a0\u00a0\u00a0\u00a0\u00a0\u00a0\u00a0\u00a0\u00a0\u00a0\u00a0\u00a0\u00a0\u00a0\u00a0\u00a0\u00a0\u00a0\u00a0\u00a0\u00a0\u00a0\u00a0\u00a0\u00a0\u00a0\u00a0\u00a0\u00a0\u00a0\u00a0\u00a0\u00a0\u00a0\u00a0\u00a0\u00a0\u00a0\u00a0\u00a0\u00a0\u00a0\u00a0\u00a0\u00a0\u00a0\u00a0\u00a0\u00a0\u00a0\u00a0 Non esente<\/p><p>__utmb \u00a0\u00a0\u00a0\u00a0\u00a0\u00a0\u00a0\u00a0\u00a0 Di Terze Parti (Google Analytics) \u00a0\u00a0\u00a0\u00a0\u00a0 30 minuti Serve per determinare nuove sessioni o visite. \u00a0\u00a0 \u00a0\u00a0\u00a0\u00a0\u00a0\u00a0\u00a0\u00a0\u00a0\u00a0\u00a0\u00a0\u00a0\u00a0\u00a0\u00a0\u00a0\u00a0\u00a0\u00a0\u00a0\u00a0\u00a0\u00a0\u00a0\u00a0\u00a0\u00a0\u00a0\u00a0\u00a0\u00a0\u00a0\u00a0\u00a0\u00a0\u00a0\u00a0\u00a0\u00a0\u00a0\u00a0\u00a0\u00a0\u00a0\u00a0\u00a0\u00a0\u00a0\u00a0\u00a0\u00a0\u00a0\u00a0\u00a0\u00a0\u00a0\u00a0\u00a0\u00a0\u00a0\u00a0\u00a0\u00a0\u00a0\u00a0\u00a0\u00a0\u00a0\u00a0 Non esente<\/p><p>__utmc \u00a0\u00a0\u00a0\u00a0\u00a0\u00a0\u00a0\u00a0\u00a0 Di Terze parti (Google Analytics) \u00a0\u00a0\u00a0\u00a0\u00a0 Al termine della sessione Configurato per l&#8217;utilizzo con Urchin. Non esente<\/p><p>__utmz \u00a0\u00a0\u00a0\u00a0\u00a0\u00a0\u00a0\u00a0\u00a0\u00a0 Di Terze Parti (Google Analytics) \u00a0\u00a0\u00a0\u00a0\u00a0 6 mesi. Memorizza l&#8217;origine o la campagna che spiega come l&#8217;utente \u00e8 arrivato alla pagina web. \u00a0\u00a0\u00a0\u00a0\u00a0\u00a0\u00a0\u00a0\u00a0\u00a0\u00a0\u00a0\u00a0\u00a0 Non esente<\/p><p><strong>5.- REVOCA ED ELIMINAZIONE DEI COOKIE<\/strong><\/p><p>Puoi accedere in qualsiasi momento alle impostazioni del tuo browser, accettando o rifiutando tutti i cookie, oppure selezionando quelli di cui accetti l&#8217;installazione e quelli che non accetti, seguendo una delle seguenti procedure, che dipende dal browser che utilizzi:<\/p><p><strong>Google Chrome <\/strong>(nel menu Strumenti)<\/p><p>Impostazioni &gt; Mostra opzioni avanzate &gt; Privacy (Impostazioni contenuti) &gt; Cookie<\/p><p>Ulteriori informazioni: <a href=\"https:\/\/support.google.com\/chrome\/answer\/95647?hl=es\">https:\/\/support.google.com\/chrome\/answer\/95647?hl=es\u00a0<\/a><\/p><p><strong>Microsoft Internet Explorer<\/strong> (nel menu Strumenti)<\/p><p>Opzioni Internet &gt; Privacy &gt; Avanzate<\/p><p>Maggiori informazioni: <a href=\"http:\/\/windows.microsoft.com\/es-es\/internet-explorer\/delete-manage-cookies#ie=ie-9\">http:\/\/windows.microsoft.com\/es-es\/internet-explorer\/delete-manage-cookies#ie=ie-9\u00a0<\/a><\/p><p><strong>Firefox<\/strong><\/p><p>Opzioni &gt; Privacy &gt; Cookie<\/p><p>Maggiori informazioni: \u00a0<a href=\"http:\/\/support.mozilla.org\/es\/kb\/habilitar-y-deshabilitar-cookies-que-los-sitios-we\">http:\/\/support.mozilla.org\/es\/kb\/habilitar-y-deshabilitar-cookies-que-los-sitios-we\u00a0<\/a><\/p><p><strong>Safari, iPad e iPhone<\/strong><\/p><p>Preferenze &gt; Privacy<\/p><p>Ulteriori informazioni: \u00a0<a href=\"http:\/\/www.apple.com\/es\/privacy\/use-of-cookies\/\">http:\/\/www.apple.com\/es\/privacy\/use-of-cookies\/\u00a0<\/a><\/p><p><strong>Opera<\/strong><\/p><p>Impostazioni &gt; Opzioni &gt; Avanzate &gt; Cookie<\/p><p>Maggiori informazioni: \u00a0<a href=\"http:\/\/help.opera.com\/Linux\/10.60\/es-ES\/cookies.html\">http:\/\/help.opera.com\/Linux\/10.60\/es-ES\/cookies.html\u00a0<\/a><\/p><p><a href=\"https:\/\/help.opera.com\/en\/latest\/web-preferences\/#cookies\">https:\/\/help.opera.com\/en\/latest\/web-preferences\/#cookies<\/a><\/p><p><strong>6.- FORNITORI DI SERVIZI DI TERZE PARTI<\/strong><\/p><p>In particolare, i fornitori di servizi di terze parti con i quali abbiamo stipulato un contratto per il quale \u00e8 necessario l&#8217;uso dei cookie sono:<\/p><p>Provider \u00a0\u00a0\u00a0\u00a0\u00a0\u00a0\u00a0\u00a0 Scopo del servizio\u00a0\u00a0\u00a0\u00a0\u00a0\u00a0\u00a0\u00a0\u00a0\u00a0\u00a0\u00a0\u00a0\u00a0\u00a0\u00a0\u00a0 Informazioni sul fornitore di cookie<\/p><p>GOOGLE Inc. \u00a0 Analisi statistica del sito Web a livello di conteggio dei visitatori, pagine visitate, parole chiave utilizzate e simili http:\/\/www.google.es\/intl\/es\/policies\/privacy\/<\/p><p><strong>La tua migliore opzione<\/strong><\/p><p>A livello nazionale, il nostro servizio clienti \u00e8 supportato dai nostri delegati tecnici regionali che, nella loro area geografica, stanno fornendo raccomandazioni per l&#8217;uso dei prodotti e un&#8217;assistenza tecnica puntuale, sia in loco, studio, ecc.<\/p><p><strong>CONTATTO<\/strong><\/p><\/div><div data-id=\"98396d5\" data-element_type=\"widget\" data-widget_type=\"text-editor.default\"><div>\u00a0<\/div><\/div><\/div>\t\t\t\t\t\t\t\t<\/div>\n\t\t\t\t<\/div>\n\t\t\t\t\t<\/div>\n\t\t\t\t<\/div>\n\t\t\t\t<\/div>\n\t\t","protected":false},"excerpt":{"rendered":"<p>Politica sui cookie 1.-CONTESTO In conformit\u00e0 con le normative spagnole che regolano l&#8217;uso dei cookie in relazione alla fornitura di servizi di comunicazione elettronica, contenute nel regio decreto legge 13\/2012 del 30 marzo, ti informiamo sui cookie utilizzati sul sito Web drizoro.com e sul motivo per il loro utilizzo. Allo stesso modo, ti informiamo che [&hellip;]<\/p>\n","protected":false},"author":5,"featured_media":0,"parent":0,"menu_order":0,"comment_status":"closed","ping_status":"closed","template":"","meta":{"site-sidebar-layout":"no-sidebar","site-content-layout":"page-builder","ast-site-content-layout":"default","site-content-style":"default","site-sidebar-style":"default","ast-global-header-display":"","ast-banner-title-visibility":"","ast-main-header-display":"","ast-hfb-above-header-display":"","ast-hfb-below-header-display":"","ast-hfb-mobile-header-display":"","site-post-title":"disabled","ast-breadcrumbs-content":"","ast-featured-img":"disabled","footer-sml-layout":"","ast-disable-related-posts":"","theme-transparent-header-meta":"","adv-header-id-meta":"","stick-header-meta":"","header-above-stick-meta":"","header-main-stick-meta":"","header-below-stick-meta":"","astra-migrate-meta-layouts":"default","ast-page-background-enabled":"default","ast-page-background-meta":{"desktop":{"background-color":"var(--ast-global-color-4)","background-image":"","background-repeat":"repeat","background-position":"center center","background-size":"auto","background-attachment":"scroll","background-type":"","background-media":"","overlay-type":"","overlay-color":"","overlay-opacity":"","overlay-gradient":""},"tablet":{"background-color":"","background-image":"","background-repeat":"repeat","background-position":"center center","background-size":"auto","background-attachment":"scroll","background-type":"","background-media":"","overlay-type":"","overlay-color":"","overlay-opacity":"","overlay-gradient":""},"mobile":{"background-color":"","background-image":"","background-repeat":"repeat","background-position":"center center","background-size":"auto","background-attachment":"scroll","background-type":"","background-media":"","overlay-type":"","overlay-color":"","overlay-opacity":"","overlay-gradient":""}},"ast-content-background-meta":{"desktop":{"background-color":"var(--ast-global-color-5)","background-image":"","background-repeat":"repeat","background-position":"center center","background-size":"auto","background-attachment":"scroll","background-type":"","background-media":"","overlay-type":"","overlay-color":"","overlay-opacity":"","overlay-gradient":""},"tablet":{"background-color":"var(--ast-global-color-5)","background-image":"","background-repeat":"repeat","background-position":"center center","background-size":"auto","background-attachment":"scroll","background-type":"","background-media":"","overlay-type":"","overlay-color":"","overlay-opacity":"","overlay-gradient":""},"mobile":{"background-color":"var(--ast-global-color-5)","background-image":"","background-repeat":"repeat","background-position":"center center","background-size":"auto","background-attachment":"scroll","background-type":"","background-media":"","overlay-type":"","overlay-color":"","overlay-opacity":"","overlay-gradient":""}},"footnotes":""},"class_list":["post-6104","page","type-page","status-publish","hentry"],"yoast_head":"<!-- This site is optimized with the Yoast SEO Premium plugin v22.9 (Yoast SEO v27.5) - https:\/\/yoast.com\/product\/yoast-seo-premium-wordpress\/ -->\n<title>Politica sui cookie<\/title>\n<meta name=\"description\" content=\"Toda la informaci\u00f3n sobre Politica sui cookie\" \/>\n<meta name=\"robots\" content=\"index, follow, max-snippet:-1, max-image-preview:large, max-video-preview:-1\" \/>\n<link rel=\"canonical\" href=\"https:\/\/www.drizoro.com\/it\/politica-sui-cookie\/\" \/>\n<meta property=\"og:locale\" content=\"it_IT\" \/>\n<meta property=\"og:type\" content=\"article\" \/>\n<meta property=\"og:title\" content=\"Politica sui cookie\" \/>\n<meta property=\"og:description\" content=\"Toda la informaci\u00f3n sobre Politica sui cookie\" \/>\n<meta property=\"og:url\" content=\"https:\/\/www.drizoro.com\/it\/politica-sui-cookie\/\" \/>\n<meta property=\"og:site_name\" content=\"Drizoro\" \/>\n<meta property=\"article:modified_time\" content=\"2023-08-23T15:05:45+00:00\" \/>\n<meta property=\"og:image\" content=\"https:\/\/www.drizoro.com\/wp-content\/uploads\/2024\/07\/Logo-Drizoro.jpg\" \/>\n\t<meta property=\"og:image:width\" content=\"800\" \/>\n\t<meta property=\"og:image:height\" content=\"800\" \/>\n\t<meta property=\"og:image:type\" content=\"image\/jpeg\" \/>\n<meta name=\"twitter:card\" content=\"summary_large_image\" \/>\n<meta name=\"twitter:label1\" content=\"Tempo di lettura stimato\" \/>\n\t<meta name=\"twitter:data1\" content=\"6 minuti\" \/>\n<script type=\"application\/ld+json\" class=\"yoast-schema-graph\">{\"@context\":\"https:\\\/\\\/schema.org\",\"@graph\":[{\"@type\":\"WebPage\",\"@id\":\"https:\\\/\\\/www.drizoro.com\\\/it\\\/politica-sui-cookie\\\/\",\"url\":\"https:\\\/\\\/www.drizoro.com\\\/it\\\/politica-sui-cookie\\\/\",\"name\":\"Politica sui cookie\",\"isPartOf\":{\"@id\":\"https:\\\/\\\/www.drizoro.com\\\/it\\\/#website\"},\"datePublished\":\"2023-06-30T11:59:53+00:00\",\"dateModified\":\"2023-08-23T15:05:45+00:00\",\"description\":\"Toda la informaci\u00f3n sobre Politica sui cookie\",\"breadcrumb\":{\"@id\":\"https:\\\/\\\/www.drizoro.com\\\/it\\\/politica-sui-cookie\\\/#breadcrumb\"},\"inLanguage\":\"it-IT\",\"potentialAction\":[{\"@type\":\"ReadAction\",\"target\":[\"https:\\\/\\\/www.drizoro.com\\\/it\\\/politica-sui-cookie\\\/\"]}]},{\"@type\":\"BreadcrumbList\",\"@id\":\"https:\\\/\\\/www.drizoro.com\\\/it\\\/politica-sui-cookie\\\/#breadcrumb\",\"itemListElement\":[{\"@type\":\"ListItem\",\"position\":1,\"name\":\"Portada\",\"item\":\"https:\\\/\\\/www.drizoro.com\\\/it\\\/\"},{\"@type\":\"ListItem\",\"position\":2,\"name\":\"Politica sui cookie\"}]},{\"@type\":\"WebSite\",\"@id\":\"https:\\\/\\\/www.drizoro.com\\\/it\\\/#website\",\"url\":\"https:\\\/\\\/www.drizoro.com\\\/it\\\/\",\"name\":\"Drizoro\",\"description\":\"Impermeabilizaci\u00f3n, reparaci\u00f3n, protecci\u00f3n y decoraci\u00f3n del hormig\u00f3n y la mamposter\u00eda\",\"publisher\":{\"@id\":\"https:\\\/\\\/www.drizoro.com\\\/it\\\/#organization\"},\"alternateName\":\"Impermeabilizaci\u00f3n, reparaci\u00f3n, protecci\u00f3n y decoraci\u00f3n del hormig\u00f3n y la mamposter\u00eda\",\"potentialAction\":[{\"@type\":\"SearchAction\",\"target\":{\"@type\":\"EntryPoint\",\"urlTemplate\":\"https:\\\/\\\/www.drizoro.com\\\/it\\\/?s={search_term_string}\"},\"query-input\":{\"@type\":\"PropertyValueSpecification\",\"valueRequired\":true,\"valueName\":\"search_term_string\"}}],\"inLanguage\":\"it-IT\"},{\"@type\":\"Organization\",\"@id\":\"https:\\\/\\\/www.drizoro.com\\\/it\\\/#organization\",\"name\":\"Drizoro\",\"url\":\"https:\\\/\\\/www.drizoro.com\\\/it\\\/\",\"logo\":{\"@type\":\"ImageObject\",\"inLanguage\":\"it-IT\",\"@id\":\"https:\\\/\\\/www.drizoro.com\\\/it\\\/#\\\/schema\\\/logo\\\/image\\\/\",\"url\":\"https:\\\/\\\/www.drizoro.com\\\/wp-content\\\/uploads\\\/2024\\\/07\\\/Logo-Drizoro.jpg\",\"contentUrl\":\"https:\\\/\\\/www.drizoro.com\\\/wp-content\\\/uploads\\\/2024\\\/07\\\/Logo-Drizoro.jpg\",\"width\":800,\"height\":800,\"caption\":\"Drizoro\"},\"image\":{\"@id\":\"https:\\\/\\\/www.drizoro.com\\\/it\\\/#\\\/schema\\\/logo\\\/image\\\/\"}}]}<\/script>\n<!-- \/ Yoast SEO Premium plugin. -->","yoast_head_json":{"title":"Politica sui cookie","description":"Toda la informaci\u00f3n sobre Politica sui cookie","robots":{"index":"index","follow":"follow","max-snippet":"max-snippet:-1","max-image-preview":"max-image-preview:large","max-video-preview":"max-video-preview:-1"},"canonical":"https:\/\/www.drizoro.com\/it\/politica-sui-cookie\/","og_locale":"it_IT","og_type":"article","og_title":"Politica sui cookie","og_description":"Toda la informaci\u00f3n sobre Politica sui cookie","og_url":"https:\/\/www.drizoro.com\/it\/politica-sui-cookie\/","og_site_name":"Drizoro","article_modified_time":"2023-08-23T15:05:45+00:00","og_image":[{"width":800,"height":800,"url":"https:\/\/www.drizoro.com\/wp-content\/uploads\/2024\/07\/Logo-Drizoro.jpg","type":"image\/jpeg"}],"twitter_card":"summary_large_image","twitter_misc":{"Tempo di lettura stimato":"6 minuti"},"schema":{"@context":"https:\/\/schema.org","@graph":[{"@type":"WebPage","@id":"https:\/\/www.drizoro.com\/it\/politica-sui-cookie\/","url":"https:\/\/www.drizoro.com\/it\/politica-sui-cookie\/","name":"Politica sui cookie","isPartOf":{"@id":"https:\/\/www.drizoro.com\/it\/#website"},"datePublished":"2023-06-30T11:59:53+00:00","dateModified":"2023-08-23T15:05:45+00:00","description":"Toda la informaci\u00f3n sobre Politica sui cookie","breadcrumb":{"@id":"https:\/\/www.drizoro.com\/it\/politica-sui-cookie\/#breadcrumb"},"inLanguage":"it-IT","potentialAction":[{"@type":"ReadAction","target":["https:\/\/www.drizoro.com\/it\/politica-sui-cookie\/"]}]},{"@type":"BreadcrumbList","@id":"https:\/\/www.drizoro.com\/it\/politica-sui-cookie\/#breadcrumb","itemListElement":[{"@type":"ListItem","position":1,"name":"Portada","item":"https:\/\/www.drizoro.com\/it\/"},{"@type":"ListItem","position":2,"name":"Politica sui cookie"}]},{"@type":"WebSite","@id":"https:\/\/www.drizoro.com\/it\/#website","url":"https:\/\/www.drizoro.com\/it\/","name":"Drizoro","description":"Impermeabilizaci\u00f3n, reparaci\u00f3n, protecci\u00f3n y decoraci\u00f3n del hormig\u00f3n y la mamposter\u00eda","publisher":{"@id":"https:\/\/www.drizoro.com\/it\/#organization"},"alternateName":"Impermeabilizaci\u00f3n, reparaci\u00f3n, protecci\u00f3n y decoraci\u00f3n del hormig\u00f3n y la mamposter\u00eda","potentialAction":[{"@type":"SearchAction","target":{"@type":"EntryPoint","urlTemplate":"https:\/\/www.drizoro.com\/it\/?s={search_term_string}"},"query-input":{"@type":"PropertyValueSpecification","valueRequired":true,"valueName":"search_term_string"}}],"inLanguage":"it-IT"},{"@type":"Organization","@id":"https:\/\/www.drizoro.com\/it\/#organization","name":"Drizoro","url":"https:\/\/www.drizoro.com\/it\/","logo":{"@type":"ImageObject","inLanguage":"it-IT","@id":"https:\/\/www.drizoro.com\/it\/#\/schema\/logo\/image\/","url":"https:\/\/www.drizoro.com\/wp-content\/uploads\/2024\/07\/Logo-Drizoro.jpg","contentUrl":"https:\/\/www.drizoro.com\/wp-content\/uploads\/2024\/07\/Logo-Drizoro.jpg","width":800,"height":800,"caption":"Drizoro"},"image":{"@id":"https:\/\/www.drizoro.com\/it\/#\/schema\/logo\/image\/"}}]}},"_links":{"self":[{"href":"https:\/\/www.drizoro.com\/it\/wp-json\/wp\/v2\/pages\/6104","targetHints":{"allow":["GET"]}}],"collection":[{"href":"https:\/\/www.drizoro.com\/it\/wp-json\/wp\/v2\/pages"}],"about":[{"href":"https:\/\/www.drizoro.com\/it\/wp-json\/wp\/v2\/types\/page"}],"author":[{"embeddable":true,"href":"https:\/\/www.drizoro.com\/it\/wp-json\/wp\/v2\/users\/5"}],"replies":[{"embeddable":true,"href":"https:\/\/www.drizoro.com\/it\/wp-json\/wp\/v2\/comments?post=6104"}],"version-history":[{"count":0,"href":"https:\/\/www.drizoro.com\/it\/wp-json\/wp\/v2\/pages\/6104\/revisions"}],"wp:attachment":[{"href":"https:\/\/www.drizoro.com\/it\/wp-json\/wp\/v2\/media?parent=6104"}],"curies":[{"name":"wp","href":"https:\/\/api.w.org\/{rel}","templated":true}]}}