{"id":8021,"date":"2023-10-13T20:53:53","date_gmt":"2023-10-13T18:53:53","guid":{"rendered":"https:\/\/www.drizoro.com\/?post_type=product&#038;p=8021"},"modified":"2025-01-20T15:53:22","modified_gmt":"2025-01-20T14:53:22","slug":"maxelastic-poly-m","status":"publish","type":"product","link":"https:\/\/www.drizoro.com\/en\/producto\/maxelastic-poly-m\/","title":{"rendered":"Maxelastic POLY -M"},"content":{"rendered":"<div style=\"white-space: pre-wrap; text-align: left;\">\n    <strong>Description:<\/strong><br \/>\n    MAXELASTIC\u00ae POLY-M is a cold-applied, two-component aromatic polyurea membrane. It provides a continuous, elastic coating for single-coat waterproofing with fast curing (24-48 hours) on concrete and mortar surfaces.<\/p>\n<p>    <strong>Application Fields:<\/strong><br \/>\n    &#8211; Waterproofing and repair of non-exposed roofs, terraces, and balconies under tiles.<br \/>\n    &#8211; Fast waterproofing of indoor wet areas like bathrooms, kitchens, and changing rooms.<br \/>\n    &#8211; Protection and waterproofing on sprayed thermal insulation foams.<\/p>\n<p>    <strong>Advantages:<\/strong><br \/>\n    &#8211; Single-coat waterproofing with fast putting into service (24-48 hours).<br \/>\n    &#8211; High elasticity (500%) and crack-bridging capability.<br \/>\n    &#8211; Excellent chemical resistance to water, seawater, fuels, oils, and diluted acids.\n<\/div>\n","protected":false},"excerpt":{"rendered":"<div style=\"white-space: pre-wrap; text-align: left;\">\nMAXELASTIC\u00ae POLY-M is a two-component aromatic polyurea membrane, cold-applied manually, designed for single-coat, continuous, elastic, and resistant waterproofing, with fast curing for concrete and mortar surfaces.<\/p>\n<\/div>\n","protected":false},"featured_media":15157,"comment_status":"open","ping_status":"closed","template":"","meta":{"site-sidebar-layout":"default","site-content-layout":"default","ast-site-content-layout":"default","site-content-style":"default","site-sidebar-style":"default","ast-global-header-display":"","ast-banner-title-visibility":"","ast-main-header-display":"","ast-hfb-above-header-display":"","ast-hfb-below-header-display":"","ast-hfb-mobile-header-display":"","site-post-title":"","ast-breadcrumbs-content":"","ast-featured-img":"","footer-sml-layout":"","ast-disable-related-posts":"","theme-transparent-header-meta":"default","adv-header-id-meta":"","stick-header-meta":"","header-above-stick-meta":"","header-main-stick-meta":"","header-below-stick-meta":"","astra-migrate-meta-layouts":"set","ast-page-background-enabled":"default","ast-page-background-meta":{"desktop":{"background-color":"var(--ast-global-color-4)","background-image":"","background-repeat":"repeat","background-position":"center center","background-size":"auto","background-attachment":"scroll","background-type":"","background-media":"","overlay-type":"","overlay-color":"","overlay-opacity":"","overlay-gradient":""},"tablet":{"background-color":"","background-image":"","background-repeat":"repeat","background-position":"center center","background-size":"auto","background-attachment":"scroll","background-type":"","background-media":"","overlay-type":"","overlay-color":"","overlay-opacity":"","overlay-gradient":""},"mobile":{"background-color":"","background-image":"","background-repeat":"repeat","background-position":"center center","background-size":"auto","background-attachment":"scroll","background-type":"","background-media":"","overlay-type":"","overlay-color":"","overlay-opacity":"","overlay-gradient":""}},"ast-content-background-meta":{"desktop":{"background-color":"var(--ast-global-color-5)","background-image":"","background-repeat":"repeat","background-position":"center center","background-size":"auto","background-attachment":"scroll","background-type":"","background-media":"","overlay-type":"","overlay-color":"","overlay-opacity":"","overlay-gradient":""},"tablet":{"background-color":"var(--ast-global-color-5)","background-image":"","background-repeat":"repeat","background-position":"center center","background-size":"auto","background-attachment":"scroll","background-type":"","background-media":"","overlay-type":"","overlay-color":"","overlay-opacity":"","overlay-gradient":""},"mobile":{"background-color":"var(--ast-global-color-5)","background-image":"","background-repeat":"repeat","background-position":"center center","background-size":"auto","background-attachment":"scroll","background-type":"","background-media":"","overlay-type":"","overlay-color":"","overlay-opacity":"","overlay-gradient":""}}},"product_brand":[],"product_cat":[392,389,390],"product_tag":[],"class_list":{"0":"post-8021","1":"product","2":"type-product","3":"status-publish","4":"has-post-thumbnail","6":"product_cat-elastic-polyurea-membranes","7":"product_cat-roofing","8":"product_cat-waterproofing-membranes","9":"desktop-align-left","10":"tablet-align-left","11":"mobile-align-left","13":"first","14":"instock","15":"downloadable","16":"virtual","17":"purchasable","18":"product-type-simple"},"yoast_head":"<!-- This site is optimized with the Yoast SEO Premium plugin v22.9 (Yoast SEO v27.5) - https:\/\/yoast.com\/product\/yoast-seo-premium-wordpress\/ -->\n<title>Maxelastic Poly -M | DRIZORO<\/title>\n<meta name=\"description\" content=\"MAXELASTIC\u00ae POLY-M: two-component aromatic polyurea membrane, cold-applied for single-coat waterproofing. Fast curing (24-48h), elastic, and chemical resistant.\" \/>\n<meta name=\"robots\" content=\"index, follow, max-snippet:-1, max-image-preview:large, max-video-preview:-1\" \/>\n<link rel=\"canonical\" href=\"https:\/\/www.drizoro.com\/en\/producto\/maxelastic-poly-m\/\" \/>\n<meta property=\"og:locale\" content=\"en_US\" \/>\n<meta property=\"og:type\" content=\"article\" \/>\n<meta property=\"og:title\" content=\"Maxelastic POLY -M\" \/>\n<meta property=\"og:description\" content=\"MAXELASTIC\u00ae POLY-M: two-component aromatic polyurea membrane, cold-applied for single-coat waterproofing. Fast curing (24-48h), elastic, and chemical resistant.\" \/>\n<meta property=\"og:url\" content=\"https:\/\/www.drizoro.com\/en\/producto\/maxelastic-poly-m\/\" \/>\n<meta property=\"og:site_name\" content=\"Drizoro\" \/>\n<meta property=\"article:modified_time\" content=\"2025-01-20T14:53:22+00:00\" \/>\n<meta property=\"og:image\" content=\"https:\/\/www.drizoro.com\/wp-content\/uploads\/2025\/01\/maxelastic-poly-m-membrana-impermeabilizacion-monocapa.jpg\" \/>\n\t<meta property=\"og:image:width\" content=\"1200\" \/>\n\t<meta property=\"og:image:height\" content=\"1200\" \/>\n\t<meta property=\"og:image:type\" content=\"image\/jpeg\" \/>\n<meta name=\"twitter:card\" content=\"summary_large_image\" \/>\n<meta name=\"twitter:label1\" content=\"Price\" \/>\n\t<meta name=\"twitter:data1\" content=\"&euro;0.00\" \/>\n\t<meta name=\"twitter:label2\" content=\"Availability\" \/>\n\t<meta name=\"twitter:data2\" content=\"In stock\" \/>\n<script type=\"application\/ld+json\" class=\"yoast-schema-graph\">{\"@context\":\"https:\\\/\\\/schema.org\",\"@graph\":[{\"@type\":\"WebPage\",\"@id\":\"https:\\\/\\\/www.drizoro.com\\\/en\\\/producto\\\/maxelastic-poly-m\\\/\",\"url\":\"https:\\\/\\\/www.drizoro.com\\\/en\\\/producto\\\/maxelastic-poly-m\\\/\",\"name\":\"Maxelastic Poly -M | DRIZORO\",\"isPartOf\":{\"@id\":\"https:\\\/\\\/www.drizoro.com\\\/en\\\/#website\"},\"primaryImageOfPage\":{\"@id\":\"https:\\\/\\\/www.drizoro.com\\\/en\\\/producto\\\/maxelastic-poly-m\\\/#primaryimage\"},\"image\":{\"@id\":\"https:\\\/\\\/www.drizoro.com\\\/en\\\/producto\\\/maxelastic-poly-m\\\/#primaryimage\"},\"thumbnailUrl\":\"https:\\\/\\\/www.drizoro.com\\\/wp-content\\\/uploads\\\/2025\\\/01\\\/maxelastic-poly-m-membrana-impermeabilizacion-monocapa.jpg\",\"datePublished\":\"2023-10-13T18:53:53+00:00\",\"dateModified\":\"2025-01-20T14:53:22+00:00\",\"description\":\"MAXELASTIC\u00ae POLY-M: two-component aromatic polyurea membrane, cold-applied for single-coat waterproofing. Fast curing (24-48h), elastic, and chemical resistant.\",\"breadcrumb\":{\"@id\":\"https:\\\/\\\/www.drizoro.com\\\/en\\\/producto\\\/maxelastic-poly-m\\\/#breadcrumb\"},\"inLanguage\":\"en-US\",\"potentialAction\":[{\"@type\":\"ReadAction\",\"target\":[\"https:\\\/\\\/www.drizoro.com\\\/en\\\/producto\\\/maxelastic-poly-m\\\/\"]}]},{\"@type\":\"ImageObject\",\"inLanguage\":\"en-US\",\"@id\":\"https:\\\/\\\/www.drizoro.com\\\/en\\\/producto\\\/maxelastic-poly-m\\\/#primaryimage\",\"url\":\"https:\\\/\\\/www.drizoro.com\\\/wp-content\\\/uploads\\\/2025\\\/01\\\/maxelastic-poly-m-membrana-impermeabilizacion-monocapa.jpg\",\"contentUrl\":\"https:\\\/\\\/www.drizoro.com\\\/wp-content\\\/uploads\\\/2025\\\/01\\\/maxelastic-poly-m-membrana-impermeabilizacion-monocapa.jpg\",\"width\":1200,\"height\":1200,\"caption\":\"MAXELASTIC POLY-M, membrana de poliurea para impermeabilizaci\u00f3n monocapa en fr\u00edo\"},{\"@type\":\"BreadcrumbList\",\"@id\":\"https:\\\/\\\/www.drizoro.com\\\/en\\\/producto\\\/maxelastic-poly-m\\\/#breadcrumb\",\"itemListElement\":[{\"@type\":\"ListItem\",\"position\":1,\"name\":\"Portada\",\"item\":\"https:\\\/\\\/www.drizoro.com\\\/en\\\/\"},{\"@type\":\"ListItem\",\"position\":2,\"name\":\"Shop\",\"item\":\"https:\\\/\\\/www.drizoro.com\\\/tienda\\\/\"},{\"@type\":\"ListItem\",\"position\":3,\"name\":\"Maxelastic POLY -M\"}]},{\"@type\":\"WebSite\",\"@id\":\"https:\\\/\\\/www.drizoro.com\\\/en\\\/#website\",\"url\":\"https:\\\/\\\/www.drizoro.com\\\/en\\\/\",\"name\":\"Drizoro\",\"description\":\"Impermeabilizaci\u00f3n, reparaci\u00f3n, protecci\u00f3n y decoraci\u00f3n del hormig\u00f3n y la mamposter\u00eda\",\"publisher\":{\"@id\":\"https:\\\/\\\/www.drizoro.com\\\/en\\\/#organization\"},\"alternateName\":\"Impermeabilizaci\u00f3n, reparaci\u00f3n, protecci\u00f3n y decoraci\u00f3n del hormig\u00f3n y la mamposter\u00eda\",\"potentialAction\":[{\"@type\":\"SearchAction\",\"target\":{\"@type\":\"EntryPoint\",\"urlTemplate\":\"https:\\\/\\\/www.drizoro.com\\\/en\\\/?s={search_term_string}\"},\"query-input\":{\"@type\":\"PropertyValueSpecification\",\"valueRequired\":true,\"valueName\":\"search_term_string\"}}],\"inLanguage\":\"en-US\"},{\"@type\":\"Organization\",\"@id\":\"https:\\\/\\\/www.drizoro.com\\\/en\\\/#organization\",\"name\":\"Drizoro\",\"url\":\"https:\\\/\\\/www.drizoro.com\\\/en\\\/\",\"logo\":{\"@type\":\"ImageObject\",\"inLanguage\":\"en-US\",\"@id\":\"https:\\\/\\\/www.drizoro.com\\\/en\\\/#\\\/schema\\\/logo\\\/image\\\/\",\"url\":\"https:\\\/\\\/www.drizoro.com\\\/wp-content\\\/uploads\\\/2024\\\/07\\\/Logo-Drizoro.jpg\",\"contentUrl\":\"https:\\\/\\\/www.drizoro.com\\\/wp-content\\\/uploads\\\/2024\\\/07\\\/Logo-Drizoro.jpg\",\"width\":800,\"height\":800,\"caption\":\"Drizoro\"},\"image\":{\"@id\":\"https:\\\/\\\/www.drizoro.com\\\/en\\\/#\\\/schema\\\/logo\\\/image\\\/\"}}]}<\/script>\n<meta property=\"product:price:amount\" content=\"0.00\" \/>\n<meta property=\"product:price:currency\" content=\"EUR\" \/>\n<meta property=\"og:availability\" content=\"instock\" \/>\n<meta property=\"product:availability\" content=\"instock\" \/>\n<meta property=\"product:condition\" content=\"new\" \/>\n<!-- \/ Yoast SEO Premium plugin. -->","yoast_head_json":{"title":"Maxelastic Poly -M | DRIZORO","description":"MAXELASTIC\u00ae POLY-M: two-component aromatic polyurea membrane, cold-applied for single-coat waterproofing. Fast curing (24-48h), elastic, and chemical resistant.","robots":{"index":"index","follow":"follow","max-snippet":"max-snippet:-1","max-image-preview":"max-image-preview:large","max-video-preview":"max-video-preview:-1"},"canonical":"https:\/\/www.drizoro.com\/en\/producto\/maxelastic-poly-m\/","og_locale":"en_US","og_type":"article","og_title":"Maxelastic POLY -M","og_description":"MAXELASTIC\u00ae POLY-M: two-component aromatic polyurea membrane, cold-applied for single-coat waterproofing. Fast curing (24-48h), elastic, and chemical resistant.","og_url":"https:\/\/www.drizoro.com\/en\/producto\/maxelastic-poly-m\/","og_site_name":"Drizoro","article_modified_time":"2025-01-20T14:53:22+00:00","og_image":[{"width":1200,"height":1200,"url":"https:\/\/www.drizoro.com\/wp-content\/uploads\/2025\/01\/maxelastic-poly-m-membrana-impermeabilizacion-monocapa.jpg","type":"image\/jpeg"}],"twitter_card":"summary_large_image","twitter_misc":{"Price":"&euro;0.00","Availability":"In stock"},"schema":{"@context":"https:\/\/schema.org","@graph":[{"@type":"WebPage","@id":"https:\/\/www.drizoro.com\/en\/producto\/maxelastic-poly-m\/","url":"https:\/\/www.drizoro.com\/en\/producto\/maxelastic-poly-m\/","name":"Maxelastic Poly -M | DRIZORO","isPartOf":{"@id":"https:\/\/www.drizoro.com\/en\/#website"},"primaryImageOfPage":{"@id":"https:\/\/www.drizoro.com\/en\/producto\/maxelastic-poly-m\/#primaryimage"},"image":{"@id":"https:\/\/www.drizoro.com\/en\/producto\/maxelastic-poly-m\/#primaryimage"},"thumbnailUrl":"https:\/\/www.drizoro.com\/wp-content\/uploads\/2025\/01\/maxelastic-poly-m-membrana-impermeabilizacion-monocapa.jpg","datePublished":"2023-10-13T18:53:53+00:00","dateModified":"2025-01-20T14:53:22+00:00","description":"MAXELASTIC\u00ae POLY-M: two-component aromatic polyurea membrane, cold-applied for single-coat waterproofing. Fast curing (24-48h), elastic, and chemical resistant.","breadcrumb":{"@id":"https:\/\/www.drizoro.com\/en\/producto\/maxelastic-poly-m\/#breadcrumb"},"inLanguage":"en-US","potentialAction":[{"@type":"ReadAction","target":["https:\/\/www.drizoro.com\/en\/producto\/maxelastic-poly-m\/"]}]},{"@type":"ImageObject","inLanguage":"en-US","@id":"https:\/\/www.drizoro.com\/en\/producto\/maxelastic-poly-m\/#primaryimage","url":"https:\/\/www.drizoro.com\/wp-content\/uploads\/2025\/01\/maxelastic-poly-m-membrana-impermeabilizacion-monocapa.jpg","contentUrl":"https:\/\/www.drizoro.com\/wp-content\/uploads\/2025\/01\/maxelastic-poly-m-membrana-impermeabilizacion-monocapa.jpg","width":1200,"height":1200,"caption":"MAXELASTIC POLY-M, membrana de poliurea para impermeabilizaci\u00f3n monocapa en fr\u00edo"},{"@type":"BreadcrumbList","@id":"https:\/\/www.drizoro.com\/en\/producto\/maxelastic-poly-m\/#breadcrumb","itemListElement":[{"@type":"ListItem","position":1,"name":"Portada","item":"https:\/\/www.drizoro.com\/en\/"},{"@type":"ListItem","position":2,"name":"Shop","item":"https:\/\/www.drizoro.com\/tienda\/"},{"@type":"ListItem","position":3,"name":"Maxelastic POLY -M"}]},{"@type":"WebSite","@id":"https:\/\/www.drizoro.com\/en\/#website","url":"https:\/\/www.drizoro.com\/en\/","name":"Drizoro","description":"Impermeabilizaci\u00f3n, reparaci\u00f3n, protecci\u00f3n y decoraci\u00f3n del hormig\u00f3n y la mamposter\u00eda","publisher":{"@id":"https:\/\/www.drizoro.com\/en\/#organization"},"alternateName":"Impermeabilizaci\u00f3n, reparaci\u00f3n, protecci\u00f3n y decoraci\u00f3n del hormig\u00f3n y la mamposter\u00eda","potentialAction":[{"@type":"SearchAction","target":{"@type":"EntryPoint","urlTemplate":"https:\/\/www.drizoro.com\/en\/?s={search_term_string}"},"query-input":{"@type":"PropertyValueSpecification","valueRequired":true,"valueName":"search_term_string"}}],"inLanguage":"en-US"},{"@type":"Organization","@id":"https:\/\/www.drizoro.com\/en\/#organization","name":"Drizoro","url":"https:\/\/www.drizoro.com\/en\/","logo":{"@type":"ImageObject","inLanguage":"en-US","@id":"https:\/\/www.drizoro.com\/en\/#\/schema\/logo\/image\/","url":"https:\/\/www.drizoro.com\/wp-content\/uploads\/2024\/07\/Logo-Drizoro.jpg","contentUrl":"https:\/\/www.drizoro.com\/wp-content\/uploads\/2024\/07\/Logo-Drizoro.jpg","width":800,"height":800,"caption":"Drizoro"},"image":{"@id":"https:\/\/www.drizoro.com\/en\/#\/schema\/logo\/image\/"}}]},"product_price_amount":"0.00","product_price_currency":"EUR","og_availability":"instock","product_availability":"instock","product_condition":"new"},"_links":{"self":[{"href":"https:\/\/www.drizoro.com\/en\/wp-json\/wp\/v2\/product\/8021","targetHints":{"allow":["GET"]}}],"collection":[{"href":"https:\/\/www.drizoro.com\/en\/wp-json\/wp\/v2\/product"}],"about":[{"href":"https:\/\/www.drizoro.com\/en\/wp-json\/wp\/v2\/types\/product"}],"replies":[{"embeddable":true,"href":"https:\/\/www.drizoro.com\/en\/wp-json\/wp\/v2\/comments?post=8021"}],"wp:featuredmedia":[{"embeddable":true,"href":"https:\/\/www.drizoro.com\/en\/wp-json\/wp\/v2\/media\/15157"}],"wp:attachment":[{"href":"https:\/\/www.drizoro.com\/en\/wp-json\/wp\/v2\/media?parent=8021"}],"wp:term":[{"taxonomy":"product_brand","embeddable":true,"href":"https:\/\/www.drizoro.com\/en\/wp-json\/wp\/v2\/product_brand?post=8021"},{"taxonomy":"product_cat","embeddable":true,"href":"https:\/\/www.drizoro.com\/en\/wp-json\/wp\/v2\/product_cat?post=8021"},{"taxonomy":"product_tag","embeddable":true,"href":"https:\/\/www.drizoro.com\/en\/wp-json\/wp\/v2\/product_tag?post=8021"}],"curies":[{"name":"wp","href":"https:\/\/api.w.org\/{rel}","templated":true}]}}