{"id":7848,"date":"2023-10-13T07:09:15","date_gmt":"2023-10-13T05:09:15","guid":{"rendered":"https:\/\/www.drizoro.com\/?post_type=product&#038;p=7848"},"modified":"2023-11-12T16:29:24","modified_gmt":"2023-11-12T16:29:24","slug":"maxclear-hardener-lithium","status":"publish","type":"product","link":"https:\/\/www.drizoro.com\/en\/producto\/maxclear-hardener-lithium\/","title":{"rendered":"Maxclear HARDENER LITHIUM"},"content":{"rendered":"<p><strong><em>MAXCLEAR<\/em><\/strong><em><sup>\u00ae<\/sup><\/em><strong><em> HARDENER<\/em><\/strong> <strong><em>LITHIUM<\/em><\/strong> is a colourless liquid product based on lithium silicate nanoparticles in water solution which, once applied, its active chemical compounds penetrate deeply reacting with free lime of new or old concrete forming insoluble tricalcium silicate extremely resistant and providing a concrete surface stronger and longer.<\/p>\n<p>Thus, <strong><em>MAXCLEAR<\/em><\/strong><em><sup>\u00ae<\/sup><strong> HARDENER<\/strong><\/em> <strong><em>LITHIUM<\/em><\/strong> seals, densifies and hardens concrete trough its pores and capillaries, provides a protection of the treated surface reducing its water absorption and improving its hardness, abrasion resistance, weathering and contact with chemical compounds.<\/p>\n","protected":false},"excerpt":{"rendered":"<p><strong><em>MAXCLEAR<\/em><\/strong><em><sup>\u00ae<\/sup><\/em><strong><em> HARDENER<\/em><\/strong> <strong><em>LITHIUM<\/em><\/strong> is a colourless liquid product based on lithium silicate nanoparticles in water solution which, once applied, its active chemical compounds penetrate deeply reacting with free lime of new or old concrete forming insoluble tricalcium silicate extremely resistant and providing a concrete surface stronger and longer.<\/p>\n<p>Thus, <strong><em>MAXCLEAR<\/em><\/strong><em><sup>\u00ae<\/sup><strong> HARDENER<\/strong><\/em> <strong><em>LITHIUM<\/em><\/strong> seals, densifies and hardens concrete trough its pores and capillaries, provides a protection of the treated surface reducing its water absorption and improving its hardness, abrasion resistance, weathering and contact with chemical compounds.<\/p>\n","protected":false},"featured_media":14859,"comment_status":"open","ping_status":"closed","template":"","meta":{"site-sidebar-layout":"default","site-content-layout":"default","ast-site-content-layout":"default","site-content-style":"default","site-sidebar-style":"default","ast-global-header-display":"","ast-banner-title-visibility":"","ast-main-header-display":"","ast-hfb-above-header-display":"","ast-hfb-below-header-display":"","ast-hfb-mobile-header-display":"","site-post-title":"","ast-breadcrumbs-content":"","ast-featured-img":"","footer-sml-layout":"","ast-disable-related-posts":"","theme-transparent-header-meta":"default","adv-header-id-meta":"","stick-header-meta":"","header-above-stick-meta":"","header-main-stick-meta":"","header-below-stick-meta":"","astra-migrate-meta-layouts":"default","ast-page-background-enabled":"default","ast-page-background-meta":{"desktop":{"background-color":"var(--ast-global-color-4)","background-image":"","background-repeat":"repeat","background-position":"center center","background-size":"auto","background-attachment":"scroll","background-type":"","background-media":"","overlay-type":"","overlay-color":"","overlay-opacity":"","overlay-gradient":""},"tablet":{"background-color":"","background-image":"","background-repeat":"repeat","background-position":"center center","background-size":"auto","background-attachment":"scroll","background-type":"","background-media":"","overlay-type":"","overlay-color":"","overlay-opacity":"","overlay-gradient":""},"mobile":{"background-color":"","background-image":"","background-repeat":"repeat","background-position":"center center","background-size":"auto","background-attachment":"scroll","background-type":"","background-media":"","overlay-type":"","overlay-color":"","overlay-opacity":"","overlay-gradient":""}},"ast-content-background-meta":{"desktop":{"background-color":"var(--ast-global-color-5)","background-image":"","background-repeat":"repeat","background-position":"center center","background-size":"auto","background-attachment":"scroll","background-type":"","background-media":"","overlay-type":"","overlay-color":"","overlay-opacity":"","overlay-gradient":""},"tablet":{"background-color":"var(--ast-global-color-5)","background-image":"","background-repeat":"repeat","background-position":"center center","background-size":"auto","background-attachment":"scroll","background-type":"","background-media":"","overlay-type":"","overlay-color":"","overlay-opacity":"","overlay-gradient":""},"mobile":{"background-color":"var(--ast-global-color-5)","background-image":"","background-repeat":"repeat","background-position":"center center","background-size":"auto","background-attachment":"scroll","background-type":"","background-media":"","overlay-type":"","overlay-color":"","overlay-opacity":"","overlay-gradient":""}}},"product_brand":[],"product_cat":[333,332,335],"product_tag":[],"class_list":{"0":"post-7848","1":"product","2":"type-product","3":"status-publish","4":"has-post-thumbnail","6":"product_cat-protection-and-decoration-of-pavements","7":"product_cat-protection-and-finishing-of-floors","8":"product_cat-surface-hardener-based-on-transparent-liquids","9":"desktop-align-left","10":"tablet-align-left","11":"mobile-align-left","13":"first","14":"instock","15":"downloadable","16":"virtual","17":"purchasable","18":"product-type-simple"},"yoast_head":"<!-- This site is optimized with the Yoast SEO Premium plugin v22.9 (Yoast SEO v27.5) - https:\/\/yoast.com\/product\/yoast-seo-premium-wordpress\/ -->\n<title>Maxclear HARDENER LITHIUM | Drizoro<\/title>\n<meta name=\"description\" content=\"Toda la informaci\u00f3n sobre Maxclear HARDENER LITHIUM\" \/>\n<meta name=\"robots\" content=\"index, follow, max-snippet:-1, max-image-preview:large, max-video-preview:-1\" \/>\n<link rel=\"canonical\" href=\"https:\/\/www.drizoro.com\/en\/producto\/maxclear-hardener-lithium\/\" \/>\n<meta property=\"og:locale\" content=\"en_US\" \/>\n<meta property=\"og:type\" content=\"article\" \/>\n<meta property=\"og:title\" content=\"Maxclear HARDENER LITHIUM\" \/>\n<meta property=\"og:description\" content=\"Toda la informaci\u00f3n sobre Maxclear HARDENER LITHIUM\" \/>\n<meta property=\"og:url\" content=\"https:\/\/www.drizoro.com\/en\/producto\/maxclear-hardener-lithium\/\" \/>\n<meta property=\"og:site_name\" content=\"Drizoro\" \/>\n<meta property=\"article:modified_time\" content=\"2023-11-12T16:29:24+00:00\" \/>\n<meta property=\"og:image\" content=\"https:\/\/www.drizoro.com\/wp-content\/uploads\/2024\/12\/Maxclear-hardener-lithium.jpg\" \/>\n\t<meta property=\"og:image:width\" content=\"1200\" \/>\n\t<meta property=\"og:image:height\" content=\"1200\" \/>\n\t<meta property=\"og:image:type\" content=\"image\/jpeg\" \/>\n<meta name=\"twitter:card\" content=\"summary_large_image\" \/>\n<meta name=\"twitter:label1\" content=\"Price\" \/>\n\t<meta name=\"twitter:data1\" content=\"&euro;0.00\" \/>\n\t<meta name=\"twitter:label2\" content=\"Availability\" \/>\n\t<meta name=\"twitter:data2\" content=\"In stock\" \/>\n<script type=\"application\/ld+json\" class=\"yoast-schema-graph\">{\"@context\":\"https:\\\/\\\/schema.org\",\"@graph\":[{\"@type\":\"WebPage\",\"@id\":\"https:\\\/\\\/www.drizoro.com\\\/en\\\/producto\\\/maxclear-hardener-lithium\\\/\",\"url\":\"https:\\\/\\\/www.drizoro.com\\\/en\\\/producto\\\/maxclear-hardener-lithium\\\/\",\"name\":\"Maxclear HARDENER LITHIUM | Drizoro\",\"isPartOf\":{\"@id\":\"https:\\\/\\\/www.drizoro.com\\\/en\\\/#website\"},\"primaryImageOfPage\":{\"@id\":\"https:\\\/\\\/www.drizoro.com\\\/en\\\/producto\\\/maxclear-hardener-lithium\\\/#primaryimage\"},\"image\":{\"@id\":\"https:\\\/\\\/www.drizoro.com\\\/en\\\/producto\\\/maxclear-hardener-lithium\\\/#primaryimage\"},\"thumbnailUrl\":\"https:\\\/\\\/www.drizoro.com\\\/wp-content\\\/uploads\\\/2024\\\/12\\\/Foto-Maxclear-hardener-lithium.jpg\",\"datePublished\":\"2023-10-13T05:09:15+00:00\",\"dateModified\":\"2023-11-12T16:29:24+00:00\",\"description\":\"Toda la informaci\u00f3n sobre Maxclear HARDENER LITHIUM\",\"breadcrumb\":{\"@id\":\"https:\\\/\\\/www.drizoro.com\\\/en\\\/producto\\\/maxclear-hardener-lithium\\\/#breadcrumb\"},\"inLanguage\":\"en-US\",\"potentialAction\":[{\"@type\":\"ReadAction\",\"target\":[\"https:\\\/\\\/www.drizoro.com\\\/en\\\/producto\\\/maxclear-hardener-lithium\\\/\"]}]},{\"@type\":\"ImageObject\",\"inLanguage\":\"en-US\",\"@id\":\"https:\\\/\\\/www.drizoro.com\\\/en\\\/producto\\\/maxclear-hardener-lithium\\\/#primaryimage\",\"url\":\"https:\\\/\\\/www.drizoro.com\\\/wp-content\\\/uploads\\\/2024\\\/12\\\/Foto-Maxclear-hardener-lithium.jpg\",\"contentUrl\":\"https:\\\/\\\/www.drizoro.com\\\/wp-content\\\/uploads\\\/2024\\\/12\\\/Foto-Maxclear-hardener-lithium.jpg\",\"width\":1200,\"height\":1200,\"caption\":\"Foto Maxclear hardener lithium\"},{\"@type\":\"BreadcrumbList\",\"@id\":\"https:\\\/\\\/www.drizoro.com\\\/en\\\/producto\\\/maxclear-hardener-lithium\\\/#breadcrumb\",\"itemListElement\":[{\"@type\":\"ListItem\",\"position\":1,\"name\":\"Portada\",\"item\":\"https:\\\/\\\/www.drizoro.com\\\/en\\\/\"},{\"@type\":\"ListItem\",\"position\":2,\"name\":\"Shop\",\"item\":\"https:\\\/\\\/www.drizoro.com\\\/tienda\\\/\"},{\"@type\":\"ListItem\",\"position\":3,\"name\":\"Maxclear HARDENER LITHIUM\"}]},{\"@type\":\"WebSite\",\"@id\":\"https:\\\/\\\/www.drizoro.com\\\/en\\\/#website\",\"url\":\"https:\\\/\\\/www.drizoro.com\\\/en\\\/\",\"name\":\"Drizoro\",\"description\":\"Impermeabilizaci\u00f3n, reparaci\u00f3n, protecci\u00f3n y decoraci\u00f3n del hormig\u00f3n y la mamposter\u00eda\",\"publisher\":{\"@id\":\"https:\\\/\\\/www.drizoro.com\\\/en\\\/#organization\"},\"alternateName\":\"Impermeabilizaci\u00f3n, reparaci\u00f3n, protecci\u00f3n y decoraci\u00f3n del hormig\u00f3n y la mamposter\u00eda\",\"potentialAction\":[{\"@type\":\"SearchAction\",\"target\":{\"@type\":\"EntryPoint\",\"urlTemplate\":\"https:\\\/\\\/www.drizoro.com\\\/en\\\/?s={search_term_string}\"},\"query-input\":{\"@type\":\"PropertyValueSpecification\",\"valueRequired\":true,\"valueName\":\"search_term_string\"}}],\"inLanguage\":\"en-US\"},{\"@type\":\"Organization\",\"@id\":\"https:\\\/\\\/www.drizoro.com\\\/en\\\/#organization\",\"name\":\"Drizoro\",\"url\":\"https:\\\/\\\/www.drizoro.com\\\/en\\\/\",\"logo\":{\"@type\":\"ImageObject\",\"inLanguage\":\"en-US\",\"@id\":\"https:\\\/\\\/www.drizoro.com\\\/en\\\/#\\\/schema\\\/logo\\\/image\\\/\",\"url\":\"https:\\\/\\\/www.drizoro.com\\\/wp-content\\\/uploads\\\/2024\\\/07\\\/Logo-Drizoro.jpg\",\"contentUrl\":\"https:\\\/\\\/www.drizoro.com\\\/wp-content\\\/uploads\\\/2024\\\/07\\\/Logo-Drizoro.jpg\",\"width\":800,\"height\":800,\"caption\":\"Drizoro\"},\"image\":{\"@id\":\"https:\\\/\\\/www.drizoro.com\\\/en\\\/#\\\/schema\\\/logo\\\/image\\\/\"}}]}<\/script>\n<meta property=\"product:price:amount\" content=\"0.00\" \/>\n<meta property=\"product:price:currency\" content=\"EUR\" \/>\n<meta property=\"og:availability\" content=\"instock\" \/>\n<meta property=\"product:availability\" content=\"instock\" \/>\n<meta property=\"product:condition\" content=\"new\" \/>\n<!-- \/ Yoast SEO Premium plugin. -->","yoast_head_json":{"title":"Maxclear HARDENER LITHIUM | Drizoro","description":"Toda la informaci\u00f3n sobre Maxclear HARDENER LITHIUM","robots":{"index":"index","follow":"follow","max-snippet":"max-snippet:-1","max-image-preview":"max-image-preview:large","max-video-preview":"max-video-preview:-1"},"canonical":"https:\/\/www.drizoro.com\/en\/producto\/maxclear-hardener-lithium\/","og_locale":"en_US","og_type":"article","og_title":"Maxclear HARDENER LITHIUM","og_description":"Toda la informaci\u00f3n sobre Maxclear HARDENER LITHIUM","og_url":"https:\/\/www.drizoro.com\/en\/producto\/maxclear-hardener-lithium\/","og_site_name":"Drizoro","article_modified_time":"2023-11-12T16:29:24+00:00","og_image":[{"width":1200,"height":1200,"url":"https:\/\/www.drizoro.com\/wp-content\/uploads\/2024\/12\/Maxclear-hardener-lithium.jpg","type":"image\/jpeg"}],"twitter_card":"summary_large_image","twitter_misc":{"Price":"&euro;0.00","Availability":"In stock"},"schema":{"@context":"https:\/\/schema.org","@graph":[{"@type":"WebPage","@id":"https:\/\/www.drizoro.com\/en\/producto\/maxclear-hardener-lithium\/","url":"https:\/\/www.drizoro.com\/en\/producto\/maxclear-hardener-lithium\/","name":"Maxclear HARDENER LITHIUM | Drizoro","isPartOf":{"@id":"https:\/\/www.drizoro.com\/en\/#website"},"primaryImageOfPage":{"@id":"https:\/\/www.drizoro.com\/en\/producto\/maxclear-hardener-lithium\/#primaryimage"},"image":{"@id":"https:\/\/www.drizoro.com\/en\/producto\/maxclear-hardener-lithium\/#primaryimage"},"thumbnailUrl":"https:\/\/www.drizoro.com\/wp-content\/uploads\/2024\/12\/Foto-Maxclear-hardener-lithium.jpg","datePublished":"2023-10-13T05:09:15+00:00","dateModified":"2023-11-12T16:29:24+00:00","description":"Toda la informaci\u00f3n sobre Maxclear HARDENER LITHIUM","breadcrumb":{"@id":"https:\/\/www.drizoro.com\/en\/producto\/maxclear-hardener-lithium\/#breadcrumb"},"inLanguage":"en-US","potentialAction":[{"@type":"ReadAction","target":["https:\/\/www.drizoro.com\/en\/producto\/maxclear-hardener-lithium\/"]}]},{"@type":"ImageObject","inLanguage":"en-US","@id":"https:\/\/www.drizoro.com\/en\/producto\/maxclear-hardener-lithium\/#primaryimage","url":"https:\/\/www.drizoro.com\/wp-content\/uploads\/2024\/12\/Foto-Maxclear-hardener-lithium.jpg","contentUrl":"https:\/\/www.drizoro.com\/wp-content\/uploads\/2024\/12\/Foto-Maxclear-hardener-lithium.jpg","width":1200,"height":1200,"caption":"Foto Maxclear hardener lithium"},{"@type":"BreadcrumbList","@id":"https:\/\/www.drizoro.com\/en\/producto\/maxclear-hardener-lithium\/#breadcrumb","itemListElement":[{"@type":"ListItem","position":1,"name":"Portada","item":"https:\/\/www.drizoro.com\/en\/"},{"@type":"ListItem","position":2,"name":"Shop","item":"https:\/\/www.drizoro.com\/tienda\/"},{"@type":"ListItem","position":3,"name":"Maxclear HARDENER LITHIUM"}]},{"@type":"WebSite","@id":"https:\/\/www.drizoro.com\/en\/#website","url":"https:\/\/www.drizoro.com\/en\/","name":"Drizoro","description":"Impermeabilizaci\u00f3n, reparaci\u00f3n, protecci\u00f3n y decoraci\u00f3n del hormig\u00f3n y la mamposter\u00eda","publisher":{"@id":"https:\/\/www.drizoro.com\/en\/#organization"},"alternateName":"Impermeabilizaci\u00f3n, reparaci\u00f3n, protecci\u00f3n y decoraci\u00f3n del hormig\u00f3n y la mamposter\u00eda","potentialAction":[{"@type":"SearchAction","target":{"@type":"EntryPoint","urlTemplate":"https:\/\/www.drizoro.com\/en\/?s={search_term_string}"},"query-input":{"@type":"PropertyValueSpecification","valueRequired":true,"valueName":"search_term_string"}}],"inLanguage":"en-US"},{"@type":"Organization","@id":"https:\/\/www.drizoro.com\/en\/#organization","name":"Drizoro","url":"https:\/\/www.drizoro.com\/en\/","logo":{"@type":"ImageObject","inLanguage":"en-US","@id":"https:\/\/www.drizoro.com\/en\/#\/schema\/logo\/image\/","url":"https:\/\/www.drizoro.com\/wp-content\/uploads\/2024\/07\/Logo-Drizoro.jpg","contentUrl":"https:\/\/www.drizoro.com\/wp-content\/uploads\/2024\/07\/Logo-Drizoro.jpg","width":800,"height":800,"caption":"Drizoro"},"image":{"@id":"https:\/\/www.drizoro.com\/en\/#\/schema\/logo\/image\/"}}]},"product_price_amount":"0.00","product_price_currency":"EUR","og_availability":"instock","product_availability":"instock","product_condition":"new"},"_links":{"self":[{"href":"https:\/\/www.drizoro.com\/en\/wp-json\/wp\/v2\/product\/7848","targetHints":{"allow":["GET"]}}],"collection":[{"href":"https:\/\/www.drizoro.com\/en\/wp-json\/wp\/v2\/product"}],"about":[{"href":"https:\/\/www.drizoro.com\/en\/wp-json\/wp\/v2\/types\/product"}],"replies":[{"embeddable":true,"href":"https:\/\/www.drizoro.com\/en\/wp-json\/wp\/v2\/comments?post=7848"}],"wp:featuredmedia":[{"embeddable":true,"href":"https:\/\/www.drizoro.com\/en\/wp-json\/wp\/v2\/media\/14859"}],"wp:attachment":[{"href":"https:\/\/www.drizoro.com\/en\/wp-json\/wp\/v2\/media?parent=7848"}],"wp:term":[{"taxonomy":"product_brand","embeddable":true,"href":"https:\/\/www.drizoro.com\/en\/wp-json\/wp\/v2\/product_brand?post=7848"},{"taxonomy":"product_cat","embeddable":true,"href":"https:\/\/www.drizoro.com\/en\/wp-json\/wp\/v2\/product_cat?post=7848"},{"taxonomy":"product_tag","embeddable":true,"href":"https:\/\/www.drizoro.com\/en\/wp-json\/wp\/v2\/product_tag?post=7848"}],"curies":[{"name":"wp","href":"https:\/\/api.w.org\/{rel}","templated":true}]}}