{"id":7451,"date":"2023-10-12T15:42:19","date_gmt":"2023-10-12T15:42:19","guid":{"rendered":"https:\/\/www.drizoro.com\/?post_type=product&#038;p=7451"},"modified":"2023-11-09T18:01:04","modified_gmt":"2023-11-09T18:01:04","slug":"concreseal-cosmetic","status":"publish","type":"product","link":"https:\/\/www.drizoro.com\/en\/producto\/concreseal-cosmetic\/","title":{"rendered":"Concreseal COSMETIC"},"content":{"rendered":"<p><strong><em>CONCRESEAL<\/em><\/strong><em><sup>\u00ae<\/sup><\/em><strong><em>COSMETIC<\/em><\/strong> is a polymermodified and cement-based one-component mortar. It is specially designed for both superficial cosmetic repair and levelling of renders and concrete surfaces in very thin layers and feather edging, filling of cracks and honeycombs with a maximum thickness up to 3 mm.<\/p>\n","protected":false},"excerpt":{"rendered":"<p><strong><em>CONCRESEAL<\/em><\/strong><em><sup>\u00ae<\/sup><\/em><strong><em>COSMETIC<\/em><\/strong> is a polymermodified and cement-based one-component mortar. It is specially designed for both superficial cosmetic repair and levelling of renders and concrete surfaces in very thin layers and feather edging, filling of cracks and honeycombs with a maximum thickness up to 3 mm.<\/p>\n","protected":false},"featured_media":0,"comment_status":"open","ping_status":"closed","template":"","meta":{"site-sidebar-layout":"default","site-content-layout":"default","ast-site-content-layout":"default","site-content-style":"default","site-sidebar-style":"default","ast-global-header-display":"","ast-banner-title-visibility":"","ast-main-header-display":"","ast-hfb-above-header-display":"","ast-hfb-below-header-display":"","ast-hfb-mobile-header-display":"","site-post-title":"","ast-breadcrumbs-content":"","ast-featured-img":"","footer-sml-layout":"","ast-disable-related-posts":"","theme-transparent-header-meta":"default","adv-header-id-meta":"","stick-header-meta":"","header-above-stick-meta":"","header-main-stick-meta":"","header-below-stick-meta":"","astra-migrate-meta-layouts":"default","ast-page-background-enabled":"default","ast-page-background-meta":{"desktop":{"background-color":"var(--ast-global-color-4)","background-image":"","background-repeat":"repeat","background-position":"center center","background-size":"auto","background-attachment":"scroll","background-type":"","background-media":"","overlay-type":"","overlay-color":"","overlay-opacity":"","overlay-gradient":""},"tablet":{"background-color":"","background-image":"","background-repeat":"repeat","background-position":"center center","background-size":"auto","background-attachment":"scroll","background-type":"","background-media":"","overlay-type":"","overlay-color":"","overlay-opacity":"","overlay-gradient":""},"mobile":{"background-color":"","background-image":"","background-repeat":"repeat","background-position":"center center","background-size":"auto","background-attachment":"scroll","background-type":"","background-media":"","overlay-type":"","overlay-color":"","overlay-opacity":"","overlay-gradient":""}},"ast-content-background-meta":{"desktop":{"background-color":"var(--ast-global-color-5)","background-image":"","background-repeat":"repeat","background-position":"center center","background-size":"auto","background-attachment":"scroll","background-type":"","background-media":"","overlay-type":"","overlay-color":"","overlay-opacity":"","overlay-gradient":""},"tablet":{"background-color":"var(--ast-global-color-5)","background-image":"","background-repeat":"repeat","background-position":"center center","background-size":"auto","background-attachment":"scroll","background-type":"","background-media":"","overlay-type":"","overlay-color":"","overlay-opacity":"","overlay-gradient":""},"mobile":{"background-color":"var(--ast-global-color-5)","background-image":"","background-repeat":"repeat","background-position":"center center","background-size":"auto","background-attachment":"scroll","background-type":"","background-media":"","overlay-type":"","overlay-color":"","overlay-opacity":"","overlay-gradient":""}}},"product_brand":[],"product_cat":[425],"product_tag":[],"class_list":{"0":"post-7451","1":"product","2":"type-product","3":"status-publish","5":"product_cat-uncategorized","6":"desktop-align-left","7":"tablet-align-left","8":"mobile-align-left","10":"first","11":"instock","12":"downloadable","13":"virtual","14":"purchasable","15":"product-type-simple"},"yoast_head":"<!-- This site is optimized with the Yoast SEO Premium plugin v22.9 (Yoast SEO v27.5) - https:\/\/yoast.com\/product\/yoast-seo-premium-wordpress\/ -->\n<title>Concreseal COSMETIC | Drizoro<\/title>\n<meta name=\"description\" content=\"Toda la informaci\u00f3n sobre Concreseal COSMETIC\" \/>\n<meta name=\"robots\" content=\"index, follow, max-snippet:-1, max-image-preview:large, max-video-preview:-1\" \/>\n<link rel=\"canonical\" href=\"https:\/\/www.drizoro.com\/en\/producto\/concreseal-cosmetic\/\" \/>\n<meta property=\"og:locale\" content=\"en_US\" \/>\n<meta property=\"og:type\" content=\"article\" \/>\n<meta property=\"og:title\" content=\"Concreseal COSMETIC\" \/>\n<meta property=\"og:description\" content=\"Toda la informaci\u00f3n sobre Concreseal COSMETIC\" \/>\n<meta property=\"og:url\" content=\"https:\/\/www.drizoro.com\/en\/producto\/concreseal-cosmetic\/\" \/>\n<meta property=\"og:site_name\" content=\"Drizoro\" \/>\n<meta property=\"article:modified_time\" content=\"2023-11-09T18:01:04+00:00\" \/>\n<meta property=\"og:image\" content=\"https:\/\/www.drizoro.com\/wp-content\/uploads\/2023\/05\/cemento.png\" \/>\n\t<meta property=\"og:image:width\" content=\"212\" \/>\n\t<meta property=\"og:image:height\" content=\"188\" \/>\n\t<meta property=\"og:image:type\" content=\"image\/png\" \/>\n<meta name=\"twitter:card\" content=\"summary_large_image\" \/>\n<meta name=\"twitter:label1\" content=\"Price\" \/>\n\t<meta name=\"twitter:data1\" content=\"&euro;0.00\" \/>\n\t<meta name=\"twitter:label2\" content=\"Availability\" \/>\n\t<meta name=\"twitter:data2\" content=\"In stock\" \/>\n<script type=\"application\/ld+json\" class=\"yoast-schema-graph\">{\"@context\":\"https:\\\/\\\/schema.org\",\"@graph\":[{\"@type\":\"WebPage\",\"@id\":\"https:\\\/\\\/www.drizoro.com\\\/en\\\/producto\\\/concreseal-cosmetic\\\/\",\"url\":\"https:\\\/\\\/www.drizoro.com\\\/en\\\/producto\\\/concreseal-cosmetic\\\/\",\"name\":\"Concreseal COSMETIC | Drizoro\",\"isPartOf\":{\"@id\":\"https:\\\/\\\/www.drizoro.com\\\/en\\\/#website\"},\"datePublished\":\"2023-10-12T15:42:19+00:00\",\"dateModified\":\"2023-11-09T18:01:04+00:00\",\"description\":\"Toda la informaci\u00f3n sobre Concreseal COSMETIC\",\"breadcrumb\":{\"@id\":\"https:\\\/\\\/www.drizoro.com\\\/en\\\/producto\\\/concreseal-cosmetic\\\/#breadcrumb\"},\"inLanguage\":\"en-US\",\"potentialAction\":[{\"@type\":\"ReadAction\",\"target\":[\"https:\\\/\\\/www.drizoro.com\\\/en\\\/producto\\\/concreseal-cosmetic\\\/\"]}]},{\"@type\":\"BreadcrumbList\",\"@id\":\"https:\\\/\\\/www.drizoro.com\\\/en\\\/producto\\\/concreseal-cosmetic\\\/#breadcrumb\",\"itemListElement\":[{\"@type\":\"ListItem\",\"position\":1,\"name\":\"Portada\",\"item\":\"https:\\\/\\\/www.drizoro.com\\\/en\\\/\"},{\"@type\":\"ListItem\",\"position\":2,\"name\":\"Shop\",\"item\":\"https:\\\/\\\/www.drizoro.com\\\/tienda\\\/\"},{\"@type\":\"ListItem\",\"position\":3,\"name\":\"Concreseal COSMETIC\"}]},{\"@type\":\"WebSite\",\"@id\":\"https:\\\/\\\/www.drizoro.com\\\/en\\\/#website\",\"url\":\"https:\\\/\\\/www.drizoro.com\\\/en\\\/\",\"name\":\"Drizoro\",\"description\":\"Impermeabilizaci\u00f3n, reparaci\u00f3n, protecci\u00f3n y decoraci\u00f3n del hormig\u00f3n y la mamposter\u00eda\",\"publisher\":{\"@id\":\"https:\\\/\\\/www.drizoro.com\\\/en\\\/#organization\"},\"alternateName\":\"Impermeabilizaci\u00f3n, reparaci\u00f3n, protecci\u00f3n y decoraci\u00f3n del hormig\u00f3n y la mamposter\u00eda\",\"potentialAction\":[{\"@type\":\"SearchAction\",\"target\":{\"@type\":\"EntryPoint\",\"urlTemplate\":\"https:\\\/\\\/www.drizoro.com\\\/en\\\/?s={search_term_string}\"},\"query-input\":{\"@type\":\"PropertyValueSpecification\",\"valueRequired\":true,\"valueName\":\"search_term_string\"}}],\"inLanguage\":\"en-US\"},{\"@type\":\"Organization\",\"@id\":\"https:\\\/\\\/www.drizoro.com\\\/en\\\/#organization\",\"name\":\"Drizoro\",\"url\":\"https:\\\/\\\/www.drizoro.com\\\/en\\\/\",\"logo\":{\"@type\":\"ImageObject\",\"inLanguage\":\"en-US\",\"@id\":\"https:\\\/\\\/www.drizoro.com\\\/en\\\/#\\\/schema\\\/logo\\\/image\\\/\",\"url\":\"https:\\\/\\\/www.drizoro.com\\\/wp-content\\\/uploads\\\/2024\\\/07\\\/Logo-Drizoro.jpg\",\"contentUrl\":\"https:\\\/\\\/www.drizoro.com\\\/wp-content\\\/uploads\\\/2024\\\/07\\\/Logo-Drizoro.jpg\",\"width\":800,\"height\":800,\"caption\":\"Drizoro\"},\"image\":{\"@id\":\"https:\\\/\\\/www.drizoro.com\\\/en\\\/#\\\/schema\\\/logo\\\/image\\\/\"}}]}<\/script>\n<meta property=\"product:price:amount\" content=\"0.00\" \/>\n<meta property=\"product:price:currency\" content=\"EUR\" \/>\n<meta property=\"og:availability\" content=\"instock\" \/>\n<meta property=\"product:availability\" content=\"instock\" \/>\n<meta property=\"product:condition\" content=\"new\" \/>\n<!-- \/ Yoast SEO Premium plugin. -->","yoast_head_json":{"title":"Concreseal COSMETIC | Drizoro","description":"Toda la informaci\u00f3n sobre Concreseal COSMETIC","robots":{"index":"index","follow":"follow","max-snippet":"max-snippet:-1","max-image-preview":"max-image-preview:large","max-video-preview":"max-video-preview:-1"},"canonical":"https:\/\/www.drizoro.com\/en\/producto\/concreseal-cosmetic\/","og_locale":"en_US","og_type":"article","og_title":"Concreseal COSMETIC","og_description":"Toda la informaci\u00f3n sobre Concreseal COSMETIC","og_url":"https:\/\/www.drizoro.com\/en\/producto\/concreseal-cosmetic\/","og_site_name":"Drizoro","article_modified_time":"2023-11-09T18:01:04+00:00","og_image":[{"width":212,"height":188,"url":"https:\/\/www.drizoro.com\/wp-content\/uploads\/2023\/05\/cemento.png","type":"image\/png"}],"twitter_card":"summary_large_image","twitter_misc":{"Price":"&euro;0.00","Availability":"In stock"},"schema":{"@context":"https:\/\/schema.org","@graph":[{"@type":"WebPage","@id":"https:\/\/www.drizoro.com\/en\/producto\/concreseal-cosmetic\/","url":"https:\/\/www.drizoro.com\/en\/producto\/concreseal-cosmetic\/","name":"Concreseal COSMETIC | Drizoro","isPartOf":{"@id":"https:\/\/www.drizoro.com\/en\/#website"},"datePublished":"2023-10-12T15:42:19+00:00","dateModified":"2023-11-09T18:01:04+00:00","description":"Toda la informaci\u00f3n sobre Concreseal COSMETIC","breadcrumb":{"@id":"https:\/\/www.drizoro.com\/en\/producto\/concreseal-cosmetic\/#breadcrumb"},"inLanguage":"en-US","potentialAction":[{"@type":"ReadAction","target":["https:\/\/www.drizoro.com\/en\/producto\/concreseal-cosmetic\/"]}]},{"@type":"BreadcrumbList","@id":"https:\/\/www.drizoro.com\/en\/producto\/concreseal-cosmetic\/#breadcrumb","itemListElement":[{"@type":"ListItem","position":1,"name":"Portada","item":"https:\/\/www.drizoro.com\/en\/"},{"@type":"ListItem","position":2,"name":"Shop","item":"https:\/\/www.drizoro.com\/tienda\/"},{"@type":"ListItem","position":3,"name":"Concreseal COSMETIC"}]},{"@type":"WebSite","@id":"https:\/\/www.drizoro.com\/en\/#website","url":"https:\/\/www.drizoro.com\/en\/","name":"Drizoro","description":"Impermeabilizaci\u00f3n, reparaci\u00f3n, protecci\u00f3n y decoraci\u00f3n del hormig\u00f3n y la mamposter\u00eda","publisher":{"@id":"https:\/\/www.drizoro.com\/en\/#organization"},"alternateName":"Impermeabilizaci\u00f3n, reparaci\u00f3n, protecci\u00f3n y decoraci\u00f3n del hormig\u00f3n y la mamposter\u00eda","potentialAction":[{"@type":"SearchAction","target":{"@type":"EntryPoint","urlTemplate":"https:\/\/www.drizoro.com\/en\/?s={search_term_string}"},"query-input":{"@type":"PropertyValueSpecification","valueRequired":true,"valueName":"search_term_string"}}],"inLanguage":"en-US"},{"@type":"Organization","@id":"https:\/\/www.drizoro.com\/en\/#organization","name":"Drizoro","url":"https:\/\/www.drizoro.com\/en\/","logo":{"@type":"ImageObject","inLanguage":"en-US","@id":"https:\/\/www.drizoro.com\/en\/#\/schema\/logo\/image\/","url":"https:\/\/www.drizoro.com\/wp-content\/uploads\/2024\/07\/Logo-Drizoro.jpg","contentUrl":"https:\/\/www.drizoro.com\/wp-content\/uploads\/2024\/07\/Logo-Drizoro.jpg","width":800,"height":800,"caption":"Drizoro"},"image":{"@id":"https:\/\/www.drizoro.com\/en\/#\/schema\/logo\/image\/"}}]},"product_price_amount":"0.00","product_price_currency":"EUR","og_availability":"instock","product_availability":"instock","product_condition":"new"},"_links":{"self":[{"href":"https:\/\/www.drizoro.com\/en\/wp-json\/wp\/v2\/product\/7451","targetHints":{"allow":["GET"]}}],"collection":[{"href":"https:\/\/www.drizoro.com\/en\/wp-json\/wp\/v2\/product"}],"about":[{"href":"https:\/\/www.drizoro.com\/en\/wp-json\/wp\/v2\/types\/product"}],"replies":[{"embeddable":true,"href":"https:\/\/www.drizoro.com\/en\/wp-json\/wp\/v2\/comments?post=7451"}],"wp:attachment":[{"href":"https:\/\/www.drizoro.com\/en\/wp-json\/wp\/v2\/media?parent=7451"}],"wp:term":[{"taxonomy":"product_brand","embeddable":true,"href":"https:\/\/www.drizoro.com\/en\/wp-json\/wp\/v2\/product_brand?post=7451"},{"taxonomy":"product_cat","embeddable":true,"href":"https:\/\/www.drizoro.com\/en\/wp-json\/wp\/v2\/product_cat?post=7451"},{"taxonomy":"product_tag","embeddable":true,"href":"https:\/\/www.drizoro.com\/en\/wp-json\/wp\/v2\/product_tag?post=7451"}],"curies":[{"name":"wp","href":"https:\/\/api.w.org\/{rel}","templated":true}]}}