{"id":6765,"date":"2023-10-05T21:35:47","date_gmt":"2023-10-05T21:35:47","guid":{"rendered":"https:\/\/www.drizoro.com\/?post_type=product&#038;p=6765"},"modified":"2023-11-02T19:39:26","modified_gmt":"2023-11-02T19:39:26","slug":"maxpatch","status":"publish","type":"product","link":"https:\/\/www.drizoro.com\/en\/producto\/maxpatch\/","title":{"rendered":"Maxpatch"},"content":{"rendered":"<p><strong><em>MAXPATCH<\/em><\/strong><em><sup>\u00ae<\/sup><\/em>\u00a0is a two-component product. Component A is an acrylic-based liquid resin, and component B is a mortar composed of a mixture of special cements, additives and well-graded aggregates. Once mixed, it provides an advanced mortar with high performance and mechanical properties (adhesion, abrasion resistance and compressive strength) suitable for restoration and patching of concrete floors, ramps, steps, etc., subject to pedestrian or heavy road traffic.<\/p>\n","protected":false},"excerpt":{"rendered":"<p><strong><em>MAXPATCH<\/em><\/strong><em><sup>\u00ae<\/sup><\/em>\u00a0is a two-component product. Component A is an acrylic-based liquid resin, and component B is a mortar composed of a mixture of special cements, additives and well-graded aggregates. Once mixed, it provides an advanced mortar with high performance and mechanical properties (adhesion, abrasion resistance and compressive strength) suitable for restoration and patching of concrete floors, ramps, steps, etc., subject to pedestrian or heavy road traffic.<\/p>\n","protected":false},"featured_media":15652,"comment_status":"open","ping_status":"closed","template":"","meta":{"site-sidebar-layout":"default","site-content-layout":"default","ast-site-content-layout":"default","site-content-style":"default","site-sidebar-style":"default","ast-global-header-display":"","ast-banner-title-visibility":"","ast-main-header-display":"","ast-hfb-above-header-display":"","ast-hfb-below-header-display":"","ast-hfb-mobile-header-display":"","site-post-title":"","ast-breadcrumbs-content":"","ast-featured-img":"","footer-sml-layout":"","ast-disable-related-posts":"","theme-transparent-header-meta":"default","adv-header-id-meta":"","stick-header-meta":"","header-above-stick-meta":"","header-main-stick-meta":"","header-below-stick-meta":"","astra-migrate-meta-layouts":"default","ast-page-background-enabled":"default","ast-page-background-meta":{"desktop":{"background-color":"var(--ast-global-color-4)","background-image":"","background-repeat":"repeat","background-position":"center center","background-size":"auto","background-attachment":"scroll","background-type":"","background-media":"","overlay-type":"","overlay-color":"","overlay-opacity":"","overlay-gradient":""},"tablet":{"background-color":"","background-image":"","background-repeat":"repeat","background-position":"center center","background-size":"auto","background-attachment":"scroll","background-type":"","background-media":"","overlay-type":"","overlay-color":"","overlay-opacity":"","overlay-gradient":""},"mobile":{"background-color":"","background-image":"","background-repeat":"repeat","background-position":"center center","background-size":"auto","background-attachment":"scroll","background-type":"","background-media":"","overlay-type":"","overlay-color":"","overlay-opacity":"","overlay-gradient":""}},"ast-content-background-meta":{"desktop":{"background-color":"var(--ast-global-color-5)","background-image":"","background-repeat":"repeat","background-position":"center center","background-size":"auto","background-attachment":"scroll","background-type":"","background-media":"","overlay-type":"","overlay-color":"","overlay-opacity":"","overlay-gradient":""},"tablet":{"background-color":"var(--ast-global-color-5)","background-image":"","background-repeat":"repeat","background-position":"center center","background-size":"auto","background-attachment":"scroll","background-type":"","background-media":"","overlay-type":"","overlay-color":"","overlay-opacity":"","overlay-gradient":""},"mobile":{"background-color":"var(--ast-global-color-5)","background-image":"","background-repeat":"repeat","background-position":"center center","background-size":"auto","background-attachment":"scroll","background-type":"","background-media":"","overlay-type":"","overlay-color":"","overlay-opacity":"","overlay-gradient":""}}},"product_brand":[],"product_cat":[362,376,402,396,360,321],"product_tag":[],"class_list":{"0":"post-6765","1":"product","2":"type-product","3":"status-publish","4":"has-post-thumbnail","6":"product_cat-mineral-finishing-mortars","7":"product_cat-patching-of-concrete-pavements","8":"product_cat-products-and-systems-for-patching","9":"product_cat-repair-screeds-and-levelling-of-pavements","10":"product_cat-swimming-pools","11":"product_cat-waterproofing","12":"desktop-align-left","13":"tablet-align-left","14":"mobile-align-left","16":"first","17":"instock","18":"downloadable","19":"virtual","20":"purchasable","21":"product-type-simple"},"yoast_head":"<!-- This site is optimized with the Yoast SEO Premium plugin v22.9 (Yoast SEO v27.3) - https:\/\/yoast.com\/product\/yoast-seo-premium-wordpress\/ -->\n<title>Maxpatch | Drizoro<\/title>\n<meta name=\"description\" content=\"Toda la informaci\u00f3n sobre Maxpatch\" \/>\n<meta name=\"robots\" content=\"index, follow, max-snippet:-1, max-image-preview:large, max-video-preview:-1\" \/>\n<link rel=\"canonical\" href=\"https:\/\/www.drizoro.com\/en\/producto\/maxpatch\/\" \/>\n<meta property=\"og:locale\" content=\"en_US\" \/>\n<meta property=\"og:type\" content=\"article\" \/>\n<meta property=\"og:title\" content=\"Maxpatch\" \/>\n<meta property=\"og:description\" content=\"Toda la informaci\u00f3n sobre Maxpatch\" \/>\n<meta property=\"og:url\" content=\"https:\/\/www.drizoro.com\/en\/producto\/maxpatch\/\" \/>\n<meta property=\"og:site_name\" content=\"Drizoro\" \/>\n<meta property=\"article:modified_time\" content=\"2023-11-02T19:39:26+00:00\" \/>\n<meta property=\"og:image\" content=\"https:\/\/www.drizoro.com\/wp-content\/uploads\/2023\/10\/MAXPATCH.jpg\" \/>\n\t<meta property=\"og:image:width\" content=\"425\" \/>\n\t<meta property=\"og:image:height\" content=\"588\" \/>\n\t<meta property=\"og:image:type\" content=\"image\/jpeg\" \/>\n<meta name=\"twitter:card\" content=\"summary_large_image\" \/>\n<meta name=\"twitter:label1\" content=\"Price\" \/>\n\t<meta name=\"twitter:data1\" content=\"&euro;0.00\" \/>\n\t<meta name=\"twitter:label2\" content=\"Availability\" \/>\n\t<meta name=\"twitter:data2\" content=\"In stock\" \/>\n<script type=\"application\/ld+json\" class=\"yoast-schema-graph\">{\"@context\":\"https:\\\/\\\/schema.org\",\"@graph\":[{\"@type\":\"WebPage\",\"@id\":\"https:\\\/\\\/www.drizoro.com\\\/en\\\/producto\\\/maxpatch\\\/\",\"url\":\"https:\\\/\\\/www.drizoro.com\\\/en\\\/producto\\\/maxpatch\\\/\",\"name\":\"Maxpatch | Drizoro\",\"isPartOf\":{\"@id\":\"https:\\\/\\\/www.drizoro.com\\\/en\\\/#website\"},\"primaryImageOfPage\":{\"@id\":\"https:\\\/\\\/www.drizoro.com\\\/en\\\/producto\\\/maxpatch\\\/#primaryimage\"},\"image\":{\"@id\":\"https:\\\/\\\/www.drizoro.com\\\/en\\\/producto\\\/maxpatch\\\/#primaryimage\"},\"thumbnailUrl\":\"https:\\\/\\\/www.drizoro.com\\\/wp-content\\\/uploads\\\/2025\\\/04\\\/Maxpatch.jpg\",\"datePublished\":\"2023-10-05T21:35:47+00:00\",\"dateModified\":\"2023-11-02T19:39:26+00:00\",\"description\":\"Toda la informaci\u00f3n sobre Maxpatch\",\"breadcrumb\":{\"@id\":\"https:\\\/\\\/www.drizoro.com\\\/en\\\/producto\\\/maxpatch\\\/#breadcrumb\"},\"inLanguage\":\"en-US\",\"potentialAction\":[{\"@type\":\"ReadAction\",\"target\":[\"https:\\\/\\\/www.drizoro.com\\\/en\\\/producto\\\/maxpatch\\\/\"]}]},{\"@type\":\"ImageObject\",\"inLanguage\":\"en-US\",\"@id\":\"https:\\\/\\\/www.drizoro.com\\\/en\\\/producto\\\/maxpatch\\\/#primaryimage\",\"url\":\"https:\\\/\\\/www.drizoro.com\\\/wp-content\\\/uploads\\\/2025\\\/04\\\/Maxpatch.jpg\",\"contentUrl\":\"https:\\\/\\\/www.drizoro.com\\\/wp-content\\\/uploads\\\/2025\\\/04\\\/Maxpatch.jpg\",\"width\":1200,\"height\":1200,\"caption\":\"Maxpatch saco 25 kg\"},{\"@type\":\"BreadcrumbList\",\"@id\":\"https:\\\/\\\/www.drizoro.com\\\/en\\\/producto\\\/maxpatch\\\/#breadcrumb\",\"itemListElement\":[{\"@type\":\"ListItem\",\"position\":1,\"name\":\"Portada\",\"item\":\"https:\\\/\\\/www.drizoro.com\\\/en\\\/\"},{\"@type\":\"ListItem\",\"position\":2,\"name\":\"Shop\",\"item\":\"https:\\\/\\\/www.drizoro.com\\\/tienda\\\/\"},{\"@type\":\"ListItem\",\"position\":3,\"name\":\"Maxpatch\"}]},{\"@type\":\"WebSite\",\"@id\":\"https:\\\/\\\/www.drizoro.com\\\/en\\\/#website\",\"url\":\"https:\\\/\\\/www.drizoro.com\\\/en\\\/\",\"name\":\"Drizoro\",\"description\":\"Impermeabilizaci\u00f3n, reparaci\u00f3n, protecci\u00f3n y decoraci\u00f3n del hormig\u00f3n y la mamposter\u00eda\",\"publisher\":{\"@id\":\"https:\\\/\\\/www.drizoro.com\\\/en\\\/#organization\"},\"alternateName\":\"Impermeabilizaci\u00f3n, reparaci\u00f3n, protecci\u00f3n y decoraci\u00f3n del hormig\u00f3n y la mamposter\u00eda\",\"potentialAction\":[{\"@type\":\"SearchAction\",\"target\":{\"@type\":\"EntryPoint\",\"urlTemplate\":\"https:\\\/\\\/www.drizoro.com\\\/en\\\/?s={search_term_string}\"},\"query-input\":{\"@type\":\"PropertyValueSpecification\",\"valueRequired\":true,\"valueName\":\"search_term_string\"}}],\"inLanguage\":\"en-US\"},{\"@type\":\"Organization\",\"@id\":\"https:\\\/\\\/www.drizoro.com\\\/en\\\/#organization\",\"name\":\"Drizoro\",\"url\":\"https:\\\/\\\/www.drizoro.com\\\/en\\\/\",\"logo\":{\"@type\":\"ImageObject\",\"inLanguage\":\"en-US\",\"@id\":\"https:\\\/\\\/www.drizoro.com\\\/en\\\/#\\\/schema\\\/logo\\\/image\\\/\",\"url\":\"https:\\\/\\\/www.drizoro.com\\\/wp-content\\\/uploads\\\/2024\\\/07\\\/Logo-Drizoro.jpg\",\"contentUrl\":\"https:\\\/\\\/www.drizoro.com\\\/wp-content\\\/uploads\\\/2024\\\/07\\\/Logo-Drizoro.jpg\",\"width\":800,\"height\":800,\"caption\":\"Drizoro\"},\"image\":{\"@id\":\"https:\\\/\\\/www.drizoro.com\\\/en\\\/#\\\/schema\\\/logo\\\/image\\\/\"}}]}<\/script>\n<meta property=\"product:price:amount\" content=\"0.00\" \/>\n<meta property=\"product:price:currency\" content=\"EUR\" \/>\n<meta property=\"og:availability\" content=\"instock\" \/>\n<meta property=\"product:availability\" content=\"instock\" \/>\n<meta property=\"product:condition\" content=\"new\" \/>\n<!-- \/ Yoast SEO Premium plugin. -->","yoast_head_json":{"title":"Maxpatch | Drizoro","description":"Toda la informaci\u00f3n sobre Maxpatch","robots":{"index":"index","follow":"follow","max-snippet":"max-snippet:-1","max-image-preview":"max-image-preview:large","max-video-preview":"max-video-preview:-1"},"canonical":"https:\/\/www.drizoro.com\/en\/producto\/maxpatch\/","og_locale":"en_US","og_type":"article","og_title":"Maxpatch","og_description":"Toda la informaci\u00f3n sobre Maxpatch","og_url":"https:\/\/www.drizoro.com\/en\/producto\/maxpatch\/","og_site_name":"Drizoro","article_modified_time":"2023-11-02T19:39:26+00:00","og_image":[{"width":425,"height":588,"url":"https:\/\/www.drizoro.com\/wp-content\/uploads\/2023\/10\/MAXPATCH.jpg","type":"image\/jpeg"}],"twitter_card":"summary_large_image","twitter_misc":{"Price":"&euro;0.00","Availability":"In stock"},"schema":{"@context":"https:\/\/schema.org","@graph":[{"@type":"WebPage","@id":"https:\/\/www.drizoro.com\/en\/producto\/maxpatch\/","url":"https:\/\/www.drizoro.com\/en\/producto\/maxpatch\/","name":"Maxpatch | Drizoro","isPartOf":{"@id":"https:\/\/www.drizoro.com\/en\/#website"},"primaryImageOfPage":{"@id":"https:\/\/www.drizoro.com\/en\/producto\/maxpatch\/#primaryimage"},"image":{"@id":"https:\/\/www.drizoro.com\/en\/producto\/maxpatch\/#primaryimage"},"thumbnailUrl":"https:\/\/www.drizoro.com\/wp-content\/uploads\/2025\/04\/Maxpatch.jpg","datePublished":"2023-10-05T21:35:47+00:00","dateModified":"2023-11-02T19:39:26+00:00","description":"Toda la informaci\u00f3n sobre Maxpatch","breadcrumb":{"@id":"https:\/\/www.drizoro.com\/en\/producto\/maxpatch\/#breadcrumb"},"inLanguage":"en-US","potentialAction":[{"@type":"ReadAction","target":["https:\/\/www.drizoro.com\/en\/producto\/maxpatch\/"]}]},{"@type":"ImageObject","inLanguage":"en-US","@id":"https:\/\/www.drizoro.com\/en\/producto\/maxpatch\/#primaryimage","url":"https:\/\/www.drizoro.com\/wp-content\/uploads\/2025\/04\/Maxpatch.jpg","contentUrl":"https:\/\/www.drizoro.com\/wp-content\/uploads\/2025\/04\/Maxpatch.jpg","width":1200,"height":1200,"caption":"Maxpatch saco 25 kg"},{"@type":"BreadcrumbList","@id":"https:\/\/www.drizoro.com\/en\/producto\/maxpatch\/#breadcrumb","itemListElement":[{"@type":"ListItem","position":1,"name":"Portada","item":"https:\/\/www.drizoro.com\/en\/"},{"@type":"ListItem","position":2,"name":"Shop","item":"https:\/\/www.drizoro.com\/tienda\/"},{"@type":"ListItem","position":3,"name":"Maxpatch"}]},{"@type":"WebSite","@id":"https:\/\/www.drizoro.com\/en\/#website","url":"https:\/\/www.drizoro.com\/en\/","name":"Drizoro","description":"Impermeabilizaci\u00f3n, reparaci\u00f3n, protecci\u00f3n y decoraci\u00f3n del hormig\u00f3n y la mamposter\u00eda","publisher":{"@id":"https:\/\/www.drizoro.com\/en\/#organization"},"alternateName":"Impermeabilizaci\u00f3n, reparaci\u00f3n, protecci\u00f3n y decoraci\u00f3n del hormig\u00f3n y la mamposter\u00eda","potentialAction":[{"@type":"SearchAction","target":{"@type":"EntryPoint","urlTemplate":"https:\/\/www.drizoro.com\/en\/?s={search_term_string}"},"query-input":{"@type":"PropertyValueSpecification","valueRequired":true,"valueName":"search_term_string"}}],"inLanguage":"en-US"},{"@type":"Organization","@id":"https:\/\/www.drizoro.com\/en\/#organization","name":"Drizoro","url":"https:\/\/www.drizoro.com\/en\/","logo":{"@type":"ImageObject","inLanguage":"en-US","@id":"https:\/\/www.drizoro.com\/en\/#\/schema\/logo\/image\/","url":"https:\/\/www.drizoro.com\/wp-content\/uploads\/2024\/07\/Logo-Drizoro.jpg","contentUrl":"https:\/\/www.drizoro.com\/wp-content\/uploads\/2024\/07\/Logo-Drizoro.jpg","width":800,"height":800,"caption":"Drizoro"},"image":{"@id":"https:\/\/www.drizoro.com\/en\/#\/schema\/logo\/image\/"}}]},"product_price_amount":"0.00","product_price_currency":"EUR","og_availability":"instock","product_availability":"instock","product_condition":"new"},"_links":{"self":[{"href":"https:\/\/www.drizoro.com\/en\/wp-json\/wp\/v2\/product\/6765","targetHints":{"allow":["GET"]}}],"collection":[{"href":"https:\/\/www.drizoro.com\/en\/wp-json\/wp\/v2\/product"}],"about":[{"href":"https:\/\/www.drizoro.com\/en\/wp-json\/wp\/v2\/types\/product"}],"replies":[{"embeddable":true,"href":"https:\/\/www.drizoro.com\/en\/wp-json\/wp\/v2\/comments?post=6765"}],"wp:featuredmedia":[{"embeddable":true,"href":"https:\/\/www.drizoro.com\/en\/wp-json\/wp\/v2\/media\/15652"}],"wp:attachment":[{"href":"https:\/\/www.drizoro.com\/en\/wp-json\/wp\/v2\/media?parent=6765"}],"wp:term":[{"taxonomy":"product_brand","embeddable":true,"href":"https:\/\/www.drizoro.com\/en\/wp-json\/wp\/v2\/product_brand?post=6765"},{"taxonomy":"product_cat","embeddable":true,"href":"https:\/\/www.drizoro.com\/en\/wp-json\/wp\/v2\/product_cat?post=6765"},{"taxonomy":"product_tag","embeddable":true,"href":"https:\/\/www.drizoro.com\/en\/wp-json\/wp\/v2\/product_tag?post=6765"}],"curies":[{"name":"wp","href":"https:\/\/api.w.org\/{rel}","templated":true}]}}