{"id":6209,"date":"2023-06-30T12:09:37","date_gmt":"2023-06-30T12:09:37","guid":{"rendered":"https:\/\/www.drizoro.com\/politica-de-privacidad\/"},"modified":"2023-09-05T01:03:10","modified_gmt":"2023-09-05T01:03:10","slug":"privacy-policy","status":"publish","type":"page","link":"https:\/\/www.drizoro.com\/en\/privacy-policy\/","title":{"rendered":"Privacy Policy"},"content":{"rendered":"\t\t<div data-elementor-type=\"wp-page\" data-elementor-id=\"6209\" class=\"elementor elementor-6209 elementor-2458\" data-elementor-post-type=\"page\">\n\t\t\t\t<div class=\"elementor-element elementor-element-da0eb35 e-flex e-con-boxed e-con e-parent\" data-id=\"da0eb35\" data-element_type=\"container\" data-e-type=\"container\">\n\t\t\t\t\t<div class=\"e-con-inner\">\n\t\t\t\t<div class=\"elementor-element elementor-element-70ae03e elementor-widget elementor-widget-text-editor\" data-id=\"70ae03e\" data-element_type=\"widget\" data-e-type=\"widget\" data-widget_type=\"text-editor.default\">\n\t\t\t\t<div class=\"elementor-widget-container\">\n\t\t\t\t\t\t\t\t\t<div class=\"elementor-widget-container\"><h1 class=\"elementor-heading-title elementor-size-default\">Privacy Policy<\/h1><p>\u00a0<\/p><\/div><div class=\"elementor-element elementor-element-98396d5 elementor-widget elementor-widget-text-editor\" data-id=\"98396d5\" data-element_type=\"widget\" data-widget_type=\"text-editor.default\"><div class=\"elementor-widget-container\"><div class=\"elementor-text-editor elementor-clearfix\"><ol><li><strong>DATA OF THE DATA CONTROLLER<\/strong><\/li><\/ol><p>a. Company or trade name: <strong>DRIZORO, SAU<\/strong><br \/>b.\u00a0NIF: A28498038<br \/>c.\u00a0Primavera Street, 50 and 52. Las Monjas Industrial Park, 28850, Torrej\u00f3n de<br \/>Ardoz, Madrid.<br \/>d.\u00a0Web: www.drizoro.com<br \/>e.\u00a0Email: info@drizoro.com<br \/>f.\u00a0Telephone: +34 91 676 66 76<\/p><p><strong>1.1.\u00a0Applicable regulations<\/strong><\/p><p>Our Privacy Policy has been designed in accordance with the\u00a0\u00a0<strong>General Data Protection Regulation of the EU 2016\/679 of the European Parliament\u00a0<\/strong>\u00a0and of the Council, of April 27, 2016, regarding the protection of natural persons with regard to the processing of personal data and the free circulation of these data and which repeals Directive 95\/46\/EC (General Data Protection Regulation), and insofar as it does not contradict the aforementioned Regulation, by the provisions of the legislative framework Spanish on the Protection of Personal Data.<\/p><p>By providing us with your data, you declare that you have read and are aware of this Privacy Policy, giving your unequivocal and express consent to the processing of your personal data in accordance with the purposes and terms expressed herein.<\/p><p>The Company may modify this Privacy Policy to adapt it to new legislation, jurisprudence or interpretation of the Spanish Agency for Data Protection.\u00a0These privacy conditions may be complemented by the Legal Notice, Cookies Policy and the General Conditions that, where appropriate, are collected for certain products or services, if such access involves any specialization in the protection of personal data.<\/p><p><strong>1.2.\u00a0Data Protection Officer<\/strong><\/p><p>The company does not have a Data Protection Officer.<\/p><ol start=\"2\"><li><h4>PURPOSE OF THE PROCESSING OF PERSONAL DATA<\/h4><\/li><\/ol><p>The treatment we carry out of your personal data responds to the following purposes:<\/p><p>\u2013 Provide you with information related to the products and services offered by our company and detailed on this web site.<\/p><p>\u2013 Carry out the contracting of our services by accepting the corresponding budget \/ order and \/ or signing a commercial contract.<\/p><p>\u2013 Send you by email and\/or post the news and news about our entity, as well as updates to our catalog of products and services.<\/p><p><strong>\u00a0<\/strong><\/p><p><strong>2.1.\u00a0Period of Conservation of your data<\/strong><\/p><p>We will keep your personal data from the moment you give us your consent until you revoke it or request the limitation of the treatment.\u00a0In such cases, we will keep your data blocked for the legally required periods.<\/p><ol start=\"3\"><li><h4>LEGITIMATION AND DATA COLLECTED<\/h4><\/li><\/ol><p>The legitimacy for the treatment of your data is the express consent granted by means of a positive and affirmative act (fill in the corresponding form and check the acceptance box of this policy) at the time of providing us with your personal data.<\/p><p><strong>3.1.\u00a0Consent to process your data<\/strong><\/p><p>By filling in the forms, checking the &#8220;I accept the Privacy Policy&#8221; box and clicking to send the data, or by sending emails to the Company through the accounts set up for this purpose, the User declares to have read and expressly accepted this privacy policy, and grants its unequivocal and express consent to the processing of your personal data in accordance with the indicated purposes.<\/p><p><strong>3.2.\u00a0Data categories<\/strong><\/p><p>The data collected refers to the category of identifying data, such as: Name and Surname, Telephone, Postal Address, Company, Email, as well as the IP address from where you access the data collection form.<\/p><ol start=\"4\"><li><h4>SECURITY MEASURES<\/h4><\/li><\/ol><p>Within our commitment to guarantee the security and confidentiality of your personal data, we inform you that the necessary technical and organizational measures have been adopted to guarantee the security of personal data and prevent its alteration, loss, treatment or unauthorized access, taking into account the state of the technology, the nature of the data stored and the risks to which they are exposed, according to Art. 32 of the GDPR EU 679\/2016.<\/p><ol start=\"5\"><li><h4>ASSIGNMENT OF DATA<\/h4><\/li><\/ol><p>No transfers of data or international transfers of your data are foreseen, except for those authorized by tax, commercial and telecommunications legislation, as well as in those cases in which a judicial authority requires it.<\/p><ol start=\"6\"><li><h4>RIGHTS OF THE USER<\/h4><\/li><\/ol><p>Any interested party has the right to obtain confirmation as to whether or not we are processing personal data that concerns them.\u00a0Interested persons have the right to access their personal data, as well as to request the rectification of inaccurate data or, where appropriate, request its deletion when, among other reasons, the data is no longer necessary for the purposes for which it was collected.\u00a0In certain circumstances, the interested parties may request the limitation of the processing of their data, in which case we will only keep them for the exercise or defense of claims.\u00a0For reasons related to their particular situation, the interested parties may oppose the processing of their data.\u00a0The person in charge of the file will stop processing the data, except for compelling legitimate reasons,<\/p><p>In accordance with current legislation, you have the following rights: the right to request access to your personal data, the right to request its rectification or deletion, the right to request the limitation of its treatment, the right to oppose the treatment, the right to the portability of the data and likewise, to revoke the consent granted.<\/p><p><strong>6.1.\u00a0How to exercise my rights?<\/strong><\/p><p>To exercise your rights, you must contact the person in charge, requesting the corresponding form for the exercise of the chosen right.\u00a0Optionally, you can go to the competent Control Authority to obtain additional information about your rights.\u00a0The contact information for the exercise of your rights is the email:\u00a0<a href=\"mailto:info@drizoro.com\"><strong>info@drizoro.com<\/strong><\/a><a href=\"mailto:info@drizoro.com\">\u00a0.\u00a0<\/a>\u00a0Remember to attach a copy of a document that allows us to identify you.<strong>\u00a0<\/strong><\/p><ol start=\"7\"><li><h4>CONSENT TO SEND ELECTRONIC COMMUNICATIONS<\/h4><\/li><\/ol><p>Likewise, and in accordance with the provisions of Law 34\/2002, of July 11, on Services of the Information Society and Electronic Commerce, completing the data collection form and checking the corresponding box &#8220;I accept the shipment of electronic communications\u201d, is granting the express consent to send information about the Company to your email address, telephone, fax or other electronic means.<\/p><\/div><\/div><\/div>\t\t\t\t\t\t\t\t<\/div>\n\t\t\t\t<\/div>\n\t\t\t\t\t<\/div>\n\t\t\t\t<\/div>\n\t\t\t\t<\/div>\n\t\t","protected":false},"excerpt":{"rendered":"<p>Privacy Policy \u00a0 DATA OF THE DATA CONTROLLER a. Company or trade name: DRIZORO, SAUb.\u00a0NIF: A28498038c.\u00a0Primavera Street, 50 and 52. Las Monjas Industrial Park, 28850, Torrej\u00f3n deArdoz, Madrid.d.\u00a0Web: www.drizoro.come.\u00a0Email: info@drizoro.comf.\u00a0Telephone: +34 91 676 66 76 1.1.\u00a0Applicable regulations Our Privacy Policy has been designed in accordance with the\u00a0\u00a0General Data Protection Regulation of the EU 2016\/679 of [&hellip;]<\/p>\n","protected":false},"author":5,"featured_media":0,"parent":0,"menu_order":0,"comment_status":"closed","ping_status":"closed","template":"","meta":{"site-sidebar-layout":"no-sidebar","site-content-layout":"page-builder","ast-site-content-layout":"default","site-content-style":"default","site-sidebar-style":"default","ast-global-header-display":"","ast-banner-title-visibility":"","ast-main-header-display":"","ast-hfb-above-header-display":"","ast-hfb-below-header-display":"","ast-hfb-mobile-header-display":"","site-post-title":"disabled","ast-breadcrumbs-content":"","ast-featured-img":"disabled","footer-sml-layout":"","ast-disable-related-posts":"","theme-transparent-header-meta":"","adv-header-id-meta":"","stick-header-meta":"","header-above-stick-meta":"","header-main-stick-meta":"","header-below-stick-meta":"","astra-migrate-meta-layouts":"default","ast-page-background-enabled":"default","ast-page-background-meta":{"desktop":{"background-color":"var(--ast-global-color-4)","background-image":"","background-repeat":"repeat","background-position":"center center","background-size":"auto","background-attachment":"scroll","background-type":"","background-media":"","overlay-type":"","overlay-color":"","overlay-opacity":"","overlay-gradient":""},"tablet":{"background-color":"","background-image":"","background-repeat":"repeat","background-position":"center center","background-size":"auto","background-attachment":"scroll","background-type":"","background-media":"","overlay-type":"","overlay-color":"","overlay-opacity":"","overlay-gradient":""},"mobile":{"background-color":"","background-image":"","background-repeat":"repeat","background-position":"center center","background-size":"auto","background-attachment":"scroll","background-type":"","background-media":"","overlay-type":"","overlay-color":"","overlay-opacity":"","overlay-gradient":""}},"ast-content-background-meta":{"desktop":{"background-color":"var(--ast-global-color-5)","background-image":"","background-repeat":"repeat","background-position":"center center","background-size":"auto","background-attachment":"scroll","background-type":"","background-media":"","overlay-type":"","overlay-color":"","overlay-opacity":"","overlay-gradient":""},"tablet":{"background-color":"var(--ast-global-color-5)","background-image":"","background-repeat":"repeat","background-position":"center center","background-size":"auto","background-attachment":"scroll","background-type":"","background-media":"","overlay-type":"","overlay-color":"","overlay-opacity":"","overlay-gradient":""},"mobile":{"background-color":"var(--ast-global-color-5)","background-image":"","background-repeat":"repeat","background-position":"center center","background-size":"auto","background-attachment":"scroll","background-type":"","background-media":"","overlay-type":"","overlay-color":"","overlay-opacity":"","overlay-gradient":""}},"footnotes":""},"class_list":["post-6209","page","type-page","status-publish","hentry"],"yoast_head":"<!-- This site is optimized with the Yoast SEO Premium plugin v22.9 (Yoast SEO v27.3) - https:\/\/yoast.com\/product\/yoast-seo-premium-wordpress\/ -->\n<title>Privacy Policy<\/title>\n<meta name=\"description\" content=\"Toda la informaci\u00f3n sobre Privacy Policy\" \/>\n<meta name=\"robots\" content=\"index, follow, max-snippet:-1, max-image-preview:large, max-video-preview:-1\" \/>\n<link rel=\"canonical\" href=\"https:\/\/www.drizoro.com\/en\/privacy-policy\/\" \/>\n<meta property=\"og:locale\" content=\"en_US\" \/>\n<meta property=\"og:type\" content=\"article\" \/>\n<meta property=\"og:title\" content=\"Privacy Policy\" \/>\n<meta property=\"og:description\" content=\"Toda la informaci\u00f3n sobre Privacy Policy\" \/>\n<meta property=\"og:url\" content=\"https:\/\/www.drizoro.com\/en\/privacy-policy\/\" \/>\n<meta property=\"og:site_name\" content=\"Drizoro\" \/>\n<meta property=\"article:modified_time\" content=\"2023-09-05T01:03:10+00:00\" \/>\n<meta property=\"og:image\" content=\"https:\/\/www.drizoro.com\/wp-content\/uploads\/2024\/07\/Logo-Drizoro.jpg\" \/>\n\t<meta property=\"og:image:width\" content=\"800\" \/>\n\t<meta property=\"og:image:height\" content=\"800\" \/>\n\t<meta property=\"og:image:type\" content=\"image\/jpeg\" \/>\n<meta name=\"twitter:card\" content=\"summary_large_image\" \/>\n<meta name=\"twitter:label1\" content=\"Est. reading time\" \/>\n\t<meta name=\"twitter:data1\" content=\"9 minutes\" \/>\n<script type=\"application\/ld+json\" class=\"yoast-schema-graph\">{\"@context\":\"https:\\\/\\\/schema.org\",\"@graph\":[{\"@type\":\"WebPage\",\"@id\":\"https:\\\/\\\/www.drizoro.com\\\/en\\\/privacy-policy\\\/\",\"url\":\"https:\\\/\\\/www.drizoro.com\\\/en\\\/privacy-policy\\\/\",\"name\":\"Privacy Policy\",\"isPartOf\":{\"@id\":\"https:\\\/\\\/www.drizoro.com\\\/en\\\/#website\"},\"datePublished\":\"2023-06-30T12:09:37+00:00\",\"dateModified\":\"2023-09-05T01:03:10+00:00\",\"description\":\"Toda la informaci\u00f3n sobre Privacy Policy\",\"breadcrumb\":{\"@id\":\"https:\\\/\\\/www.drizoro.com\\\/en\\\/privacy-policy\\\/#breadcrumb\"},\"inLanguage\":\"en-US\",\"potentialAction\":[{\"@type\":\"ReadAction\",\"target\":[\"https:\\\/\\\/www.drizoro.com\\\/en\\\/privacy-policy\\\/\"]}]},{\"@type\":\"BreadcrumbList\",\"@id\":\"https:\\\/\\\/www.drizoro.com\\\/en\\\/privacy-policy\\\/#breadcrumb\",\"itemListElement\":[{\"@type\":\"ListItem\",\"position\":1,\"name\":\"Portada\",\"item\":\"https:\\\/\\\/www.drizoro.com\\\/en\\\/\"},{\"@type\":\"ListItem\",\"position\":2,\"name\":\"Privacy Policy\"}]},{\"@type\":\"WebSite\",\"@id\":\"https:\\\/\\\/www.drizoro.com\\\/en\\\/#website\",\"url\":\"https:\\\/\\\/www.drizoro.com\\\/en\\\/\",\"name\":\"Drizoro\",\"description\":\"Impermeabilizaci\u00f3n, reparaci\u00f3n, protecci\u00f3n y decoraci\u00f3n del hormig\u00f3n y la mamposter\u00eda\",\"publisher\":{\"@id\":\"https:\\\/\\\/www.drizoro.com\\\/en\\\/#organization\"},\"alternateName\":\"Impermeabilizaci\u00f3n, reparaci\u00f3n, protecci\u00f3n y decoraci\u00f3n del hormig\u00f3n y la mamposter\u00eda\",\"potentialAction\":[{\"@type\":\"SearchAction\",\"target\":{\"@type\":\"EntryPoint\",\"urlTemplate\":\"https:\\\/\\\/www.drizoro.com\\\/en\\\/?s={search_term_string}\"},\"query-input\":{\"@type\":\"PropertyValueSpecification\",\"valueRequired\":true,\"valueName\":\"search_term_string\"}}],\"inLanguage\":\"en-US\"},{\"@type\":\"Organization\",\"@id\":\"https:\\\/\\\/www.drizoro.com\\\/en\\\/#organization\",\"name\":\"Drizoro\",\"url\":\"https:\\\/\\\/www.drizoro.com\\\/en\\\/\",\"logo\":{\"@type\":\"ImageObject\",\"inLanguage\":\"en-US\",\"@id\":\"https:\\\/\\\/www.drizoro.com\\\/en\\\/#\\\/schema\\\/logo\\\/image\\\/\",\"url\":\"https:\\\/\\\/www.drizoro.com\\\/wp-content\\\/uploads\\\/2024\\\/07\\\/Logo-Drizoro.jpg\",\"contentUrl\":\"https:\\\/\\\/www.drizoro.com\\\/wp-content\\\/uploads\\\/2024\\\/07\\\/Logo-Drizoro.jpg\",\"width\":800,\"height\":800,\"caption\":\"Drizoro\"},\"image\":{\"@id\":\"https:\\\/\\\/www.drizoro.com\\\/en\\\/#\\\/schema\\\/logo\\\/image\\\/\"}}]}<\/script>\n<!-- \/ Yoast SEO Premium plugin. -->","yoast_head_json":{"title":"Privacy Policy","description":"Toda la informaci\u00f3n sobre Privacy Policy","robots":{"index":"index","follow":"follow","max-snippet":"max-snippet:-1","max-image-preview":"max-image-preview:large","max-video-preview":"max-video-preview:-1"},"canonical":"https:\/\/www.drizoro.com\/en\/privacy-policy\/","og_locale":"en_US","og_type":"article","og_title":"Privacy Policy","og_description":"Toda la informaci\u00f3n sobre Privacy Policy","og_url":"https:\/\/www.drizoro.com\/en\/privacy-policy\/","og_site_name":"Drizoro","article_modified_time":"2023-09-05T01:03:10+00:00","og_image":[{"width":800,"height":800,"url":"https:\/\/www.drizoro.com\/wp-content\/uploads\/2024\/07\/Logo-Drizoro.jpg","type":"image\/jpeg"}],"twitter_card":"summary_large_image","twitter_misc":{"Est. reading time":"9 minutes"},"schema":{"@context":"https:\/\/schema.org","@graph":[{"@type":"WebPage","@id":"https:\/\/www.drizoro.com\/en\/privacy-policy\/","url":"https:\/\/www.drizoro.com\/en\/privacy-policy\/","name":"Privacy Policy","isPartOf":{"@id":"https:\/\/www.drizoro.com\/en\/#website"},"datePublished":"2023-06-30T12:09:37+00:00","dateModified":"2023-09-05T01:03:10+00:00","description":"Toda la informaci\u00f3n sobre Privacy Policy","breadcrumb":{"@id":"https:\/\/www.drizoro.com\/en\/privacy-policy\/#breadcrumb"},"inLanguage":"en-US","potentialAction":[{"@type":"ReadAction","target":["https:\/\/www.drizoro.com\/en\/privacy-policy\/"]}]},{"@type":"BreadcrumbList","@id":"https:\/\/www.drizoro.com\/en\/privacy-policy\/#breadcrumb","itemListElement":[{"@type":"ListItem","position":1,"name":"Portada","item":"https:\/\/www.drizoro.com\/en\/"},{"@type":"ListItem","position":2,"name":"Privacy Policy"}]},{"@type":"WebSite","@id":"https:\/\/www.drizoro.com\/en\/#website","url":"https:\/\/www.drizoro.com\/en\/","name":"Drizoro","description":"Impermeabilizaci\u00f3n, reparaci\u00f3n, protecci\u00f3n y decoraci\u00f3n del hormig\u00f3n y la mamposter\u00eda","publisher":{"@id":"https:\/\/www.drizoro.com\/en\/#organization"},"alternateName":"Impermeabilizaci\u00f3n, reparaci\u00f3n, protecci\u00f3n y decoraci\u00f3n del hormig\u00f3n y la mamposter\u00eda","potentialAction":[{"@type":"SearchAction","target":{"@type":"EntryPoint","urlTemplate":"https:\/\/www.drizoro.com\/en\/?s={search_term_string}"},"query-input":{"@type":"PropertyValueSpecification","valueRequired":true,"valueName":"search_term_string"}}],"inLanguage":"en-US"},{"@type":"Organization","@id":"https:\/\/www.drizoro.com\/en\/#organization","name":"Drizoro","url":"https:\/\/www.drizoro.com\/en\/","logo":{"@type":"ImageObject","inLanguage":"en-US","@id":"https:\/\/www.drizoro.com\/en\/#\/schema\/logo\/image\/","url":"https:\/\/www.drizoro.com\/wp-content\/uploads\/2024\/07\/Logo-Drizoro.jpg","contentUrl":"https:\/\/www.drizoro.com\/wp-content\/uploads\/2024\/07\/Logo-Drizoro.jpg","width":800,"height":800,"caption":"Drizoro"},"image":{"@id":"https:\/\/www.drizoro.com\/en\/#\/schema\/logo\/image\/"}}]}},"_links":{"self":[{"href":"https:\/\/www.drizoro.com\/en\/wp-json\/wp\/v2\/pages\/6209","targetHints":{"allow":["GET"]}}],"collection":[{"href":"https:\/\/www.drizoro.com\/en\/wp-json\/wp\/v2\/pages"}],"about":[{"href":"https:\/\/www.drizoro.com\/en\/wp-json\/wp\/v2\/types\/page"}],"author":[{"embeddable":true,"href":"https:\/\/www.drizoro.com\/en\/wp-json\/wp\/v2\/users\/5"}],"replies":[{"embeddable":true,"href":"https:\/\/www.drizoro.com\/en\/wp-json\/wp\/v2\/comments?post=6209"}],"version-history":[{"count":0,"href":"https:\/\/www.drizoro.com\/en\/wp-json\/wp\/v2\/pages\/6209\/revisions"}],"wp:attachment":[{"href":"https:\/\/www.drizoro.com\/en\/wp-json\/wp\/v2\/media?parent=6209"}],"curies":[{"name":"wp","href":"https:\/\/api.w.org\/{rel}","templated":true}]}}